{"id":15643,"date":"2021-03-05T15:35:59","date_gmt":"2021-03-05T13:35:59","guid":{"rendered":"https:\/\/www.parkchalet-potsdam.de\/?page_id=15643"},"modified":"2022-08-31T17:22:11","modified_gmt":"2022-08-31T15:22:11","slug":"haeufige-fragen","status":"publish","type":"page","link":"https:\/\/www.parkchalet-potsdam.de\/en\/haeufige-fragen\/","title":{"rendered":"gut zu wissen"},"content":{"rendered":"<div      class=\"vc_row wpb_row section vc_row-fluid\" style=' text-align:left;'><div class=\"full_section_inner clearfix\"><div class=\"wpb_column vc_column_container vc_col-sm-12\"><div class=\"vc_column-inner\"><div class=\"wpb_wrapper\"><div class=\"separator  transparent\" style=\"margin-top: 50px;margin-bottom: 50px;\"><\/div>\n\n\t<div class=\"wpb_text_column wpb_content_element\">\n\t\t<div class=\"wpb_wrapper\">\n\t\t\t<h3 style=\"text-align: center;\">gut zu wissen<\/h3>\n\n\t\t<\/div> \n\t<\/div> <div class=\"ordered\"><\/p>\n<h3>Anreisezeit<\/h3>\n<h4>Ihre Wohnung ist ab 16.00 Uhr am Anreisetag verf\u00fcgbar. Vorherige Schl\u00fcsselabholung oder Gep\u00e4ckdeponierung ist machbar.<\/h4>\n<h3>Where can I park my car?<\/h3>\n<h4><em>direkt vor dem Haus steht Ihnen ein kostenfreier Stellplatz zur Verf\u00fcgung.\u00a0<\/em><\/h4>\n<h3>\u00a0Ihr Fahrrad<\/h3>\n<h4>ist uns willkommen und kann am Haus abgestellt werden. Einen abschlie\u00dfbaren Fahrradraum haben wir nicht. Potsdam und Umgebung sind hervorragend per Rad zu entdecken.<\/h4>\n<h3>Bus und Bahn<\/h3>\n<h4>Sie k\u00f6nnen uns mit Bus und Bahn erreichen. Empfehlenswert ist die App BVG Fahrinfo. Mit Start und Zieleingabe k\u00f6nnen Sie Ihre An- und Abreise und Ausfl\u00fcge um Berlin und Potsdam planen.<\/h4>\n<h3><em class=\"\">K\u00fcchenausstattung:<\/em><\/h3>\n<h4>Geschirr, Besteck, T\u00f6pfe und Pfannen verstehen sich von selbst\u00a0Induktionskochfeld und K\u00fchlschrank mit Gefrierfach, Sp\u00fclmaschine, Backofen, Wasserkocher und Toaster. (Das Atelier und die bel \u00e9tage Park haben keine Sp\u00fclmaschine. Einen Backofen haben\u00a0bis auf Atelier, bel \u00e9tage Park und Lichtung alle Wohnungen.)\u00a0In allen K\u00fcchen sind Essig, \u00d6l, Zucker, Salz und Pfeffer vorhanden, Sp\u00fclmittel und Geschirrt\u00fccher nat\u00fcrlich auch. F\u00fcr die Sp\u00fclmaschinen gibt es Pulver und Klarsp\u00fcler wir verwenden keine Taps.<\/h4>\n<h3>Welche Art Kaffeemaschine?<\/h3>\n<h4><em>In jeder Wohnung befindet sich \u00a0eine Nespresso Kaffeemaschine mit Milchaufsch\u00e4umer inklusive Kapseln. Zus\u00e4tzlich gibt es eine Frenchpress\/Dr\u00fcckerkanne und loses Kaffeepulver.<\/em><\/h4>\n<h4>Eine Teekanne gibt es nat\u00fcrlich auch.<\/h4>\n<h3>im Preis enthalten<\/h3>\n<h4>sind Bettw\u00e4sche, Handt\u00fccher und die Endreinigung. Ebenso Strom, Wasser und Heizung sowie die Nutzung von WiFi.<\/h4>\n<h3><em>Bezahlung: <\/em><\/h3>\n<h4><em>Wir arbeiten nur mit Bank\u00fcberweisung. Bitte f\u00fcr die Zuordnung immer die Rechnungsnummer angeben. Karten-und Barzahlungen vor Ort nehmen wir nicht an.<\/em><\/h4>\n<h3>vor Ort<\/h3>\n<h4>gibt es Infos zu Restaurants, Wifi etc.<\/h4>\n<h3>Stornierungsbedingungen:<\/h3>\n<h4 class=\"p1\"><span class=\"s1\">Es gelten die im Mietvertrag vereinbarten Stornierungsbedingungen. Wer nicht anreist, muss 80% des vereinbarten Mietpreises zahlen.\u00a0<\/span><span class=\"s1\">If it is possible to sublet to other guests, only 20% of the agreed rental price has to be paid.<\/span><\/h4>\n<h4><\/h4>\n<p><\/div><div class=\"separator  transparent\" style=\"margin-top: 30px;margin-bottom: 30px;height: 30px;\"><\/div>\n<\/div><\/div><\/div><\/div><\/div>","protected":false},"excerpt":{"rendered":"gut zu wissen Anreisezeit Ihre Wohnung ist ab 16.00 Uhr am Anreisetag verf\u00fcgbar. Vorherige Schl\u00fcsselabholung oder Gep\u00e4ckdeponierung ist machbar. Wo kann ich mein Auto parken? direkt vor dem Haus steht Ihnen ein kostenfreier Stellplatz zur Verf\u00fcgung.\u00a0 \u00a0Ihr Fahrrad ist uns willkommen und kann am Haus...","protected":false},"author":4,"featured_media":0,"parent":0,"menu_order":0,"comment_status":"closed","ping_status":"closed","template":"","meta":[],"yoast_head":"<!-- This site is optimized with the Yoast SEO plugin v19.9 - https:\/\/yoast.com\/wordpress\/plugins\/seo\/ -->\n<title>gut zu wissen - Parkchalet Potsdam<\/title>\n<meta name=\"robots\" content=\"index, follow, max-snippet:-1, max-image-preview:large, max-video-preview:-1\" \/>\n<link rel=\"canonical\" href=\"https:\/\/www.parkchalet-potsdam.de\/en\/haeufige-fragen\/\" \/>\n<meta property=\"og:locale\" content=\"en_GB\" \/>\n<meta property=\"og:type\" content=\"article\" \/>\n<meta property=\"og:title\" content=\"gut zu wissen - Parkchalet Potsdam\" \/>\n<meta property=\"og:url\" content=\"https:\/\/www.parkchalet-potsdam.de\/en\/haeufige-fragen\/\" \/>\n<meta property=\"og:site_name\" content=\"Parkchalet Potsdam\" \/>\n<meta property=\"article:modified_time\" content=\"2022-08-31T15:22:11+00:00\" \/>\n<meta name=\"twitter:label1\" content=\"Estimated reading time\" \/>\n\t<meta name=\"twitter:data1\" content=\"2 minutes\" \/>\n<script type=\"application\/ld+json\" class=\"yoast-schema-graph\">{\"@context\":\"https:\/\/schema.org\",\"@graph\":[{\"@type\":\"WebPage\",\"@id\":\"https:\/\/www.parkchalet-potsdam.de\/haeufige-fragen\/\",\"url\":\"https:\/\/www.parkchalet-potsdam.de\/haeufige-fragen\/\",\"name\":\"gut zu wissen - Parkchalet Potsdam\",\"isPartOf\":{\"@id\":\"https:\/\/www.parkchalet-potsdam.de\/#website\"},\"datePublished\":\"2021-03-05T13:35:59+00:00\",\"dateModified\":\"2022-08-31T15:22:11+00:00\",\"breadcrumb\":{\"@id\":\"https:\/\/www.parkchalet-potsdam.de\/haeufige-fragen\/#breadcrumb\"},\"inLanguage\":\"en-GB\",\"potentialAction\":[{\"@type\":\"ReadAction\",\"target\":[\"https:\/\/www.parkchalet-potsdam.de\/haeufige-fragen\/\"]}]},{\"@type\":\"BreadcrumbList\",\"@id\":\"https:\/\/www.parkchalet-potsdam.de\/haeufige-fragen\/#breadcrumb\",\"itemListElement\":[{\"@type\":\"ListItem\",\"position\":1,\"name\":\"Home\",\"item\":\"https:\/\/www.parkchalet-potsdam.de\/\"},{\"@type\":\"ListItem\",\"position\":2,\"name\":\"gut zu wissen\"}]},{\"@type\":\"WebSite\",\"@id\":\"https:\/\/www.parkchalet-potsdam.de\/#website\",\"url\":\"https:\/\/www.parkchalet-potsdam.de\/\",\"name\":\"Parkchalet Potsdam\",\"description\":\"Ferienwohnungen in Potsdam\",\"potentialAction\":[{\"@type\":\"SearchAction\",\"target\":{\"@type\":\"EntryPoint\",\"urlTemplate\":\"https:\/\/www.parkchalet-potsdam.de\/?s={search_term_string}\"},\"query-input\":\"required name=search_term_string\"}],\"inLanguage\":\"en-GB\"}]}<\/script>\n<!-- \/ Yoast SEO plugin. -->","yoast_head_json":{"title":"gut zu wissen - Parkchalet Potsdam","robots":{"index":"index","follow":"follow","max-snippet":"max-snippet:-1","max-image-preview":"max-image-preview:large","max-video-preview":"max-video-preview:-1"},"canonical":"https:\/\/www.parkchalet-potsdam.de\/en\/haeufige-fragen\/","og_locale":"en_GB","og_type":"article","og_title":"gut zu wissen - Parkchalet Potsdam","og_url":"https:\/\/www.parkchalet-potsdam.de\/en\/haeufige-fragen\/","og_site_name":"Parkchalet Potsdam","article_modified_time":"2022-08-31T15:22:11+00:00","twitter_misc":{"Estimated reading time":"2 minutes"},"schema":{"@context":"https:\/\/schema.org","@graph":[{"@type":"WebPage","@id":"https:\/\/www.parkchalet-potsdam.de\/haeufige-fragen\/","url":"https:\/\/www.parkchalet-potsdam.de\/haeufige-fragen\/","name":"gut zu wissen - Parkchalet Potsdam","isPartOf":{"@id":"https:\/\/www.parkchalet-potsdam.de\/#website"},"datePublished":"2021-03-05T13:35:59+00:00","dateModified":"2022-08-31T15:22:11+00:00","breadcrumb":{"@id":"https:\/\/www.parkchalet-potsdam.de\/haeufige-fragen\/#breadcrumb"},"inLanguage":"en-GB","potentialAction":[{"@type":"ReadAction","target":["https:\/\/www.parkchalet-potsdam.de\/haeufige-fragen\/"]}]},{"@type":"BreadcrumbList","@id":"https:\/\/www.parkchalet-potsdam.de\/haeufige-fragen\/#breadcrumb","itemListElement":[{"@type":"ListItem","position":1,"name":"Home","item":"https:\/\/www.parkchalet-potsdam.de\/"},{"@type":"ListItem","position":2,"name":"gut zu wissen"}]},{"@type":"WebSite","@id":"https:\/\/www.parkchalet-potsdam.de\/#website","url":"https:\/\/www.parkchalet-potsdam.de\/","name":"Parkchalet Potsdam","description":"Ferienwohnungen in Potsdam","potentialAction":[{"@type":"SearchAction","target":{"@type":"EntryPoint","urlTemplate":"https:\/\/www.parkchalet-potsdam.de\/?s={search_term_string}"},"query-input":"required name=search_term_string"}],"inLanguage":"en-GB"}]}},"_links":{"self":[{"href":"https:\/\/www.parkchalet-potsdam.de\/en\/wp-json\/wp\/v2\/pages\/15643"}],"collection":[{"href":"https:\/\/www.parkchalet-potsdam.de\/en\/wp-json\/wp\/v2\/pages"}],"about":[{"href":"https:\/\/www.parkchalet-potsdam.de\/en\/wp-json\/wp\/v2\/types\/page"}],"author":[{"embeddable":true,"href":"https:\/\/www.parkchalet-potsdam.de\/en\/wp-json\/wp\/v2\/users\/4"}],"replies":[{"embeddable":true,"href":"https:\/\/www.parkchalet-potsdam.de\/en\/wp-json\/wp\/v2\/comments?post=15643"}],"version-history":[{"count":47,"href":"https:\/\/www.parkchalet-potsdam.de\/en\/wp-json\/wp\/v2\/pages\/15643\/revisions"}],"predecessor-version":[{"id":15885,"href":"https:\/\/www.parkchalet-potsdam.de\/en\/wp-json\/wp\/v2\/pages\/15643\/revisions\/15885"}],"wp:attachment":[{"href":"https:\/\/www.parkchalet-potsdam.de\/en\/wp-json\/wp\/v2\/media?parent=15643"}],"curies":[{"name":"wp","href":"https:\/\/api.w.org\/{rel}","templated":true}]}}