{"id":15577,"date":"2020-11-01T12:24:49","date_gmt":"2020-11-01T10:24:49","guid":{"rendered":"https:\/\/www.parkchalet-potsdam.de\/?page_id=15577"},"modified":"2021-05-27T15:05:41","modified_gmt":"2021-05-27T13:05:41","slug":"parkchalet","status":"publish","type":"page","link":"https:\/\/www.parkchalet-potsdam.de\/en\/parkchalet\/","title":{"rendered":"parkch\u00e2let"},"content":{"rendered":"<div      class=\"vc_row wpb_row section vc_row-fluid  grid_section\" style='background-color:#f4f4f5; padding-top:109px; padding-bottom:50px; text-align:left;'><div class=\"section_inner clearfix\"><div class='section_inner_margin clearfix'><div class=\"wpb_column vc_column_container vc_col-sm-12\"><div class=\"vc_column-inner\"><div class=\"wpb_wrapper\"><div class=\"separator  transparent\" style=\"margin-top: 26px;margin-bottom: 0px;\"><\/div>\n<div class=\"separator  small center\" style=\"margin-top: 25px;margin-bottom: 25px;\"><\/div>\n\n\t<div class=\"wpb_text_column wpb_content_element\">\n\t\t<div class=\"wpb_wrapper\">\n\t\t\t<h4 style=\"text-align: center;\">In 1864, it was advertised, <em>\"In the newly built romantically situated Swiss houses at Klein Glienicke near Potsdam, there are still some elegantly furnished apartments for rent...\"<\/em><\/h4>\n\n\t\t<\/div> \n\t<\/div> <div class=\"separator  transparent\" style=\"margin-top: 26px;margin-bottom: 0px;\"><\/div>\n<div class=\"separator  transparent\" style=\"margin-top: 25px;margin-bottom: 25px;\"><\/div>\n<\/div><\/div><\/div><\/div><\/div><\/div><div      class=\"vc_row wpb_row section vc_row-fluid  grid_section\" style='background-color:#f4f4f5; text-align:left;'><div class=\"section_inner clearfix\"><div class='section_inner_margin clearfix'><div class=\"wpb_column vc_column_container vc_col-sm-12\"><div class=\"vc_column-inner\"><div class=\"wpb_wrapper\"><div class=\"qode-workflow\">\n    <span class=\"main-line\" style=\"background-color:#d6d6d6;\"><\/span>\n    <div class=\"qode-workflow-item\">\n    <span class=\"line\" style=\"background-color:#808ba0;\"><\/span>\n    <div class=\"qode-workflow-item-inner\">\n        <div class=\"qode-workflow-image left\">\n            <img width=\"872\" height=\"618\" src=\"https:\/\/www.parkchalet-potsdam.de\/wp-content\/uploads\/2020\/07\/chalet-1940.jpg\" class=\"attachment-full size-full\" alt=\"\" loading=\"lazy\" srcset=\"https:\/\/www.parkchalet-potsdam.de\/wp-content\/uploads\/2020\/07\/chalet-1940.jpg 872w, https:\/\/www.parkchalet-potsdam.de\/wp-content\/uploads\/2020\/07\/chalet-1940-300x213.jpg 300w, https:\/\/www.parkchalet-potsdam.de\/wp-content\/uploads\/2020\/07\/chalet-1940-768x544.jpg 768w, https:\/\/www.parkchalet-potsdam.de\/wp-content\/uploads\/2020\/07\/chalet-1940-700x496.jpg 700w\" sizes=\"(max-width: 872px) 100vw, 872px\" \/>        <\/div>\n        <div class=\"qode-workflow-text\">\n            <span class=\"circle\" style=\"border-color:#f4f4f5;background-color:#808ba0;\"><\/span>\n                            <h3>Die Schweiz in Klein Glienicke<\/h3>\n                                                    <p class=\"text\">Der viel reisende Prinz Carl von Preu\u00dfen (1801-1883) gestaltete in Klein Glienicke seine gef\u00fchlte Schweiz. Das hei\u00dft er komponierte durch Gel\u00e4ndemodellierung, Wegef\u00fchrung, Anpflanzungen und gezielte Steinsetzungen ein Landschaftsbild, in welches er zwischen 1863 bis 1866 zehn H\u00e4user im alpenl\u00e4ndischen Stil einf\u00fcgen lie\u00df. Der Architekt war Ferdinand von Arnim. Malerisch und romantisch sind die Stichworte der damaligen Schweizverehrung. Seit Ende des 18. Jahrhunderts finden sich Schweizerh\u00e4user in europ\u00e4ischen G\u00e4rten. Man sah die Schweizer als naturverbundene edle Menschen. Als Schweiz bezeichnete Gegenden sind entweder wild romantische Landstriche oder in ihnen stehen alpenl\u00e4ndische Bauten. Die hiesige Schweiz ist einmalig in der Kombination von Architektur und k\u00fcnstlich gestalteter Landschaft.<\/p>\n                    <\/div>\n    <\/div>\n<\/div><div class=\"qode-workflow-item\">\n    <span class=\"line\" style=\"background-color:#808ba0;\"><\/span>\n    <div class=\"qode-workflow-item-inner reverse\">\n        <div class=\"qode-workflow-image right\">\n            <img width=\"816\" height=\"588\" src=\"https:\/\/www.parkchalet-potsdam.de\/wp-content\/uploads\/2020\/07\/Grenzerkarte-e1596198936520.jpeg\" class=\"attachment-full size-full\" alt=\"\" loading=\"lazy\" srcset=\"https:\/\/www.parkchalet-potsdam.de\/wp-content\/uploads\/2020\/07\/Grenzerkarte-e1596198936520.jpeg 816w, https:\/\/www.parkchalet-potsdam.de\/wp-content\/uploads\/2020\/07\/Grenzerkarte-e1596198936520-300x216.jpeg 300w, https:\/\/www.parkchalet-potsdam.de\/wp-content\/uploads\/2020\/07\/Grenzerkarte-e1596198936520-768x553.jpeg 768w, https:\/\/www.parkchalet-potsdam.de\/wp-content\/uploads\/2020\/07\/Grenzerkarte-e1596198936520-700x504.jpeg 700w\" sizes=\"(max-width: 816px) 100vw, 816px\" \/>        <\/div>\n        <div class=\"qode-workflow-text\">\n            <span class=\"circle\" style=\"border-color:#f4f4f5;background-color:#808ba0;\"><\/span>\n                            <h3>Wall Building<\/h3>\n                                        <h6 class=\"qode-workflow-subtitle\">1961-89<\/h6>\n                                        <p class=\"text\">Ab 1961 wird Klein Glienicke mit dem Mauerbau zur Ost Enklave auf Westgebiet. Etappenweise werden 48 H\u00e4user im Ort abgerissen, bis 1967 m\u00fcssen diejenigen weichen, die der Grenzbefestigung unweigerlich im Weg sind. Weitere Bauten, die sich zu Fluchtversuchen eigneten, verschwinden bis 1974. Circa 1\/3 der denkmalwerten Dorfarchitektur ging so verloren, darunter waren auch die prinzlichen Schweizerh\u00e4user Parkstra\u00dfe (heute Louis-Nathan-Allee) 3, 8 und 9 sowie eine Reithalle und ein Schweizerstall.<\/p>\n                    <\/div>\n    <\/div>\n<\/div><div class=\"qode-workflow-item\">\n    <span class=\"line\" style=\"background-color:#808ba0;\"><\/span>\n    <div class=\"qode-workflow-item-inner\">\n        <div class=\"qode-workflow-image left\">\n            <img width=\"1280\" height=\"960\" src=\"https:\/\/www.parkchalet-potsdam.de\/wp-content\/uploads\/2020\/07\/Parkchalet-Wiederaufbau.jpeg\" class=\"attachment-full size-full\" alt=\"\" loading=\"lazy\" srcset=\"https:\/\/www.parkchalet-potsdam.de\/wp-content\/uploads\/2020\/07\/Parkchalet-Wiederaufbau.jpeg 1280w, https:\/\/www.parkchalet-potsdam.de\/wp-content\/uploads\/2020\/07\/Parkchalet-Wiederaufbau-300x225.jpeg 300w, https:\/\/www.parkchalet-potsdam.de\/wp-content\/uploads\/2020\/07\/Parkchalet-Wiederaufbau-768x576.jpeg 768w, https:\/\/www.parkchalet-potsdam.de\/wp-content\/uploads\/2020\/07\/Parkchalet-Wiederaufbau-1024x768.jpeg 1024w, https:\/\/www.parkchalet-potsdam.de\/wp-content\/uploads\/2020\/07\/Parkchalet-Wiederaufbau-800x600.jpeg 800w, https:\/\/www.parkchalet-potsdam.de\/wp-content\/uploads\/2020\/07\/Parkchalet-Wiederaufbau-700x525.jpeg 700w\" sizes=\"(max-width: 1280px) 100vw, 1280px\" \/>        <\/div>\n        <div class=\"qode-workflow-text\">\n            <span class=\"circle\" style=\"border-color:#f4f4f5;background-color:#808ba0;\"><\/span>\n                            <h3>New beginning<\/h3>\n                                        <h6 class=\"qode-workflow-subtitle\">2013<\/h6>\n                                        <p class=\"text\">Die beengende Mauer wurde in Klein Glienicke verst\u00e4ndlicherweise sehr schnell und gr\u00fcndlich beseitigt. Im Bebauungsplan der Stadt Potsdam war auf dem Standort des verlorenen Hauses eine Wiederbebauung vorgesehen, es brauchte viele Gedanken, Gespr\u00e4che, Genehmigungen... Ab Juni 2013 wurde Wildwuchs beseitigt und am 8. August 2013 w\u00e4chst bereits das Hanggeschoss mit dem Apartment geerdet und Kellerr\u00e4umen aus der Baugrube. Ein Neubau auf den prinzlichen Grundmauern, der die Kubatur, das Schieferdach, die umlaufenden Balkone und die pr\u00e4genden Schornsteine aufnehmen sollte.<br \/>\nNo, not a reconstruction, a careful interpretation without historical decoration! Light, air, landscape - exterior and interior thought together. In the middle of the World Heritage Site, a KFW 70 building is being built according to current energy-saving regulations with pellet heating.<\/p>\n                    <\/div>\n    <\/div>\n<\/div><div class=\"qode-workflow-item\">\n    <span class=\"line\" style=\"background-color:#f4f4f5;\"><\/span>\n    <div class=\"qode-workflow-item-inner reverse\">\n        <div class=\"qode-workflow-image right\">\n            <img width=\"1572\" height=\"983\" src=\"https:\/\/www.parkchalet-potsdam.de\/wp-content\/uploads\/2017\/02\/Chalet-aussen-Ansicht-Zufahrt-Hangseite-RKHN8007_2000px.jpg\" class=\"attachment-full size-full\" alt=\"\" loading=\"lazy\" srcset=\"https:\/\/www.parkchalet-potsdam.de\/wp-content\/uploads\/2017\/02\/Chalet-aussen-Ansicht-Zufahrt-Hangseite-RKHN8007_2000px.jpg 1572w, https:\/\/www.parkchalet-potsdam.de\/wp-content\/uploads\/2017\/02\/Chalet-aussen-Ansicht-Zufahrt-Hangseite-RKHN8007_2000px-300x188.jpg 300w, https:\/\/www.parkchalet-potsdam.de\/wp-content\/uploads\/2017\/02\/Chalet-aussen-Ansicht-Zufahrt-Hangseite-RKHN8007_2000px-1024x640.jpg 1024w\" sizes=\"(max-width: 1572px) 100vw, 1572px\" \/>        <\/div>\n        <div class=\"qode-workflow-text\">\n            <span class=\"circle\" style=\"border-color:#f4f4f5;background-color:#f4f4f5;\"><\/span>\n                            <h3>New opening<\/h3>\n                                        <h6 class=\"qode-workflow-subtitle\">2015<\/h6>\n                                        <p class=\"text\">Done!<\/p>\n<p>Our first tenants will move in by mid-April. There is still remaining work to be done, more apartments will be furnished and the outdoor facilities will be landscaped.<\/p>\n<p>Now we are grateful and happy that we can rent and that this wonderful place will remain accessible for many people.<\/p>\n<p>Gr\u00fcezi mitenand!<\/p>\n                    <\/div>\n    <\/div>\n<\/div><\/div><\/div><\/div><\/div><\/div><\/div><\/div><div      class=\"vc_row wpb_row section vc_row-fluid  grid_section\" style='background-color:#f4f4f5; border-bottom: 1px solid #f7f7f7; text-align:left;'><div class=\"section_inner clearfix\"><div class='section_inner_margin clearfix'><div class=\"wpb_column vc_column_container vc_col-sm-12\"><div class=\"vc_column-inner\"><div class=\"wpb_wrapper\"><div class=\"separator  transparent\" style=\"margin-top: 25px;margin-bottom: 25px;\"><\/div>\n<div class=\"separator  transparent\" style=\"margin-top: 25px;margin-bottom: 25px;\"><\/div>\n\n\t<div class=\"wpb_text_column wpb_content_element\">\n\t\t<div class=\"wpb_wrapper\">\n\t\t\t<h4 style=\"text-align: center;\"><a href=\"https:\/\/www.urlaubsarchitektur.de\/de\/geschichte-spueren-weltkulturerbe-entdecken-waldluft-atmen-parkchalet-potsdam\/\"><strong><u>Mehr \u00fcber das parkch\u00e2let erfahren \u2192<\/u><\/strong><\/a><\/h4>\n\n\t\t<\/div> \n\t<\/div> \n\t<div class=\"wpb_text_column wpb_content_element\">\n\t\t<div class=\"wpb_wrapper\">\n\t\t\t\n\t\t<\/div> \n\t<\/div> <div class=\"separator  transparent\" style=\"margin-top: 25px;margin-bottom: 25px;\"><\/div>\n<div class=\"separator  transparent\" style=\"margin-top: 25px;margin-bottom: 25px;\"><\/div>\n<\/div><\/div><\/div><\/div><\/div><\/div><div      class=\"vc_row wpb_row section vc_row-fluid\" style=' text-align:left;'><div class=\"full_section_inner clearfix\"><div class=\"wpb_column vc_column_container vc_col-sm-12\"><div class=\"vc_column-inner\"><div class=\"wpb_wrapper\"><div class=\"separator  transparent\" style=\"margin-top: 25px;margin-bottom: 25px;\"><\/div>\n<div class=\"separator  transparent\" style=\"margin-top: 25px;margin-bottom: 25px;\"><\/div>\n<div class=\"qode-comparison-slider qode-comparison-slider-light\" data-orientation=\"horizontal\" data-offset=\"50\">\n        <img width=\"1546\" height=\"970\" src=\"https:\/\/www.parkchalet-potsdam.de\/wp-content\/uploads\/2020\/07\/Klein_Glienicke_Schweizerhaus_1-e1596215363399.jpg\" class=\"attachment-full size-full\" alt=\"\" loading=\"lazy\" srcset=\"https:\/\/www.parkchalet-potsdam.de\/wp-content\/uploads\/2020\/07\/Klein_Glienicke_Schweizerhaus_1-e1596215363399.jpg 1546w, https:\/\/www.parkchalet-potsdam.de\/wp-content\/uploads\/2020\/07\/Klein_Glienicke_Schweizerhaus_1-e1596215363399-300x188.jpg 300w, https:\/\/www.parkchalet-potsdam.de\/wp-content\/uploads\/2020\/07\/Klein_Glienicke_Schweizerhaus_1-e1596215363399-768x482.jpg 768w, https:\/\/www.parkchalet-potsdam.de\/wp-content\/uploads\/2020\/07\/Klein_Glienicke_Schweizerhaus_1-e1596215363399-1024x642.jpg 1024w, https:\/\/www.parkchalet-potsdam.de\/wp-content\/uploads\/2020\/07\/Klein_Glienicke_Schweizerhaus_1-e1596215363399-700x439.jpg 700w\" sizes=\"(max-width: 1546px) 100vw, 1546px\" \/>        <img width=\"1400\" height=\"930\" src=\"https:\/\/www.parkchalet-potsdam.de\/wp-content\/uploads\/2016\/01\/Chalet-RKHN8015_web.jpg\" class=\"attachment-full size-full\" alt=\"\" loading=\"lazy\" srcset=\"https:\/\/www.parkchalet-potsdam.de\/wp-content\/uploads\/2016\/01\/Chalet-RKHN8015_web.jpg 1400w, https:\/\/www.parkchalet-potsdam.de\/wp-content\/uploads\/2016\/01\/Chalet-RKHN8015_web-300x199.jpg 300w, https:\/\/www.parkchalet-potsdam.de\/wp-content\/uploads\/2016\/01\/Chalet-RKHN8015_web-1024x680.jpg 1024w\" sizes=\"(max-width: 1400px) 100vw, 1400px\" \/>    <\/div><div class=\"separator  transparent\" style=\"margin-top: 25px;margin-bottom: 25px;\"><\/div>\n<div class=\"separator  transparent\" style=\"margin-top: 25px;margin-bottom: 25px;\"><\/div>\n<\/div><\/div><\/div><\/div><\/div><div      class=\"vc_row wpb_row section vc_row-fluid  grid_section\" style='background-color:#f4f4f5; border-bottom: 1px solid #f7f7f7; text-align:left;'><div class=\"section_inner clearfix\"><div class='section_inner_margin clearfix'><div class=\"wpb_column vc_column_container vc_col-sm-6\"><div class=\"vc_column-inner\"><div class=\"wpb_wrapper\"><div class=\"separator  transparent\" style=\"margin-top: 25px;margin-bottom: 25px;\"><\/div>\n<div class=\"separator  transparent\" style=\"margin-top: 25px;margin-bottom: 25px;\"><\/div>\n<\/div><\/div><\/div><div class=\"wpb_column vc_column_container vc_col-sm-6\"><div class=\"vc_column-inner\"><div class=\"wpb_wrapper\"><div class=\"separator  transparent\" style=\"margin-top: 25px;margin-bottom: 25px;\"><\/div>\n<div class=\"separator  transparent\" style=\"margin-top: 25px;margin-bottom: 25px;\"><\/div>\n<\/div><\/div><\/div><\/div><\/div><\/div>","protected":false},"excerpt":{"rendered":"1864 wurde annonciert, \u201cIn den neu erbauten romantisch gelegenen Schweizerh\u00e4usern zu Klein Glienicke bei Potsdam, sind noch einige elegant eingerichtete Wohnungen zu vermiethen\u2026\u201d Die Schweiz in Klein Glienicke Der viel reisende Prinz Carl von Preu\u00dfen (1801-1883) gestaltete in Klein Glienicke seine gef\u00fchlte Schweiz. Das hei\u00dft...","protected":false},"author":4,"featured_media":0,"parent":0,"menu_order":0,"comment_status":"closed","ping_status":"closed","template":"","meta":[],"yoast_head":"<!-- This site is optimized with the Yoast SEO plugin v19.9 - https:\/\/yoast.com\/wordpress\/plugins\/seo\/ -->\n<title>parkch\u00e2let - Parkchalet Potsdam<\/title>\n<meta name=\"robots\" content=\"index, follow, max-snippet:-1, max-image-preview:large, max-video-preview:-1\" \/>\n<link rel=\"canonical\" href=\"https:\/\/www.parkchalet-potsdam.de\/en\/parkchalet\/\" \/>\n<meta property=\"og:locale\" content=\"en_GB\" \/>\n<meta property=\"og:type\" content=\"article\" \/>\n<meta property=\"og:title\" content=\"parkch\u00e2let - Parkchalet Potsdam\" \/>\n<meta property=\"og:url\" content=\"https:\/\/www.parkchalet-potsdam.de\/en\/parkchalet\/\" \/>\n<meta property=\"og:site_name\" content=\"Parkchalet Potsdam\" \/>\n<meta property=\"article:modified_time\" content=\"2021-05-27T13:05:41+00:00\" \/>\n<meta name=\"twitter:label1\" content=\"Estimated reading time\" \/>\n\t<meta name=\"twitter:data1\" content=\"4 minutes\" \/>\n<script type=\"application\/ld+json\" class=\"yoast-schema-graph\">{\"@context\":\"https:\/\/schema.org\",\"@graph\":[{\"@type\":\"WebPage\",\"@id\":\"https:\/\/www.parkchalet-potsdam.de\/parkchalet\/\",\"url\":\"https:\/\/www.parkchalet-potsdam.de\/parkchalet\/\",\"name\":\"parkch\u00e2let - Parkchalet Potsdam\",\"isPartOf\":{\"@id\":\"https:\/\/www.parkchalet-potsdam.de\/#website\"},\"datePublished\":\"2020-11-01T10:24:49+00:00\",\"dateModified\":\"2021-05-27T13:05:41+00:00\",\"breadcrumb\":{\"@id\":\"https:\/\/www.parkchalet-potsdam.de\/parkchalet\/#breadcrumb\"},\"inLanguage\":\"en-GB\",\"potentialAction\":[{\"@type\":\"ReadAction\",\"target\":[\"https:\/\/www.parkchalet-potsdam.de\/parkchalet\/\"]}]},{\"@type\":\"BreadcrumbList\",\"@id\":\"https:\/\/www.parkchalet-potsdam.de\/parkchalet\/#breadcrumb\",\"itemListElement\":[{\"@type\":\"ListItem\",\"position\":1,\"name\":\"Home\",\"item\":\"https:\/\/www.parkchalet-potsdam.de\/\"},{\"@type\":\"ListItem\",\"position\":2,\"name\":\"parkch\u00e2let\"}]},{\"@type\":\"WebSite\",\"@id\":\"https:\/\/www.parkchalet-potsdam.de\/#website\",\"url\":\"https:\/\/www.parkchalet-potsdam.de\/\",\"name\":\"Parkchalet Potsdam\",\"description\":\"Ferienwohnungen in Potsdam\",\"potentialAction\":[{\"@type\":\"SearchAction\",\"target\":{\"@type\":\"EntryPoint\",\"urlTemplate\":\"https:\/\/www.parkchalet-potsdam.de\/?s={search_term_string}\"},\"query-input\":\"required name=search_term_string\"}],\"inLanguage\":\"en-GB\"}]}<\/script>\n<!-- \/ Yoast SEO plugin. -->","yoast_head_json":{"title":"parkch\u00e2let - Parkchalet Potsdam","robots":{"index":"index","follow":"follow","max-snippet":"max-snippet:-1","max-image-preview":"max-image-preview:large","max-video-preview":"max-video-preview:-1"},"canonical":"https:\/\/www.parkchalet-potsdam.de\/en\/parkchalet\/","og_locale":"en_GB","og_type":"article","og_title":"parkch\u00e2let - Parkchalet Potsdam","og_url":"https:\/\/www.parkchalet-potsdam.de\/en\/parkchalet\/","og_site_name":"Parkchalet Potsdam","article_modified_time":"2021-05-27T13:05:41+00:00","twitter_misc":{"Estimated reading time":"4 minutes"},"schema":{"@context":"https:\/\/schema.org","@graph":[{"@type":"WebPage","@id":"https:\/\/www.parkchalet-potsdam.de\/parkchalet\/","url":"https:\/\/www.parkchalet-potsdam.de\/parkchalet\/","name":"parkch\u00e2let - Parkchalet Potsdam","isPartOf":{"@id":"https:\/\/www.parkchalet-potsdam.de\/#website"},"datePublished":"2020-11-01T10:24:49+00:00","dateModified":"2021-05-27T13:05:41+00:00","breadcrumb":{"@id":"https:\/\/www.parkchalet-potsdam.de\/parkchalet\/#breadcrumb"},"inLanguage":"en-GB","potentialAction":[{"@type":"ReadAction","target":["https:\/\/www.parkchalet-potsdam.de\/parkchalet\/"]}]},{"@type":"BreadcrumbList","@id":"https:\/\/www.parkchalet-potsdam.de\/parkchalet\/#breadcrumb","itemListElement":[{"@type":"ListItem","position":1,"name":"Home","item":"https:\/\/www.parkchalet-potsdam.de\/"},{"@type":"ListItem","position":2,"name":"parkch\u00e2let"}]},{"@type":"WebSite","@id":"https:\/\/www.parkchalet-potsdam.de\/#website","url":"https:\/\/www.parkchalet-potsdam.de\/","name":"Parkchalet Potsdam","description":"Ferienwohnungen in Potsdam","potentialAction":[{"@type":"SearchAction","target":{"@type":"EntryPoint","urlTemplate":"https:\/\/www.parkchalet-potsdam.de\/?s={search_term_string}"},"query-input":"required name=search_term_string"}],"inLanguage":"en-GB"}]}},"_links":{"self":[{"href":"https:\/\/www.parkchalet-potsdam.de\/en\/wp-json\/wp\/v2\/pages\/15577"}],"collection":[{"href":"https:\/\/www.parkchalet-potsdam.de\/en\/wp-json\/wp\/v2\/pages"}],"about":[{"href":"https:\/\/www.parkchalet-potsdam.de\/en\/wp-json\/wp\/v2\/types\/page"}],"author":[{"embeddable":true,"href":"https:\/\/www.parkchalet-potsdam.de\/en\/wp-json\/wp\/v2\/users\/4"}],"replies":[{"embeddable":true,"href":"https:\/\/www.parkchalet-potsdam.de\/en\/wp-json\/wp\/v2\/comments?post=15577"}],"version-history":[{"count":14,"href":"https:\/\/www.parkchalet-potsdam.de\/en\/wp-json\/wp\/v2\/pages\/15577\/revisions"}],"predecessor-version":[{"id":15774,"href":"https:\/\/www.parkchalet-potsdam.de\/en\/wp-json\/wp\/v2\/pages\/15577\/revisions\/15774"}],"wp:attachment":[{"href":"https:\/\/www.parkchalet-potsdam.de\/en\/wp-json\/wp\/v2\/media?parent=15577"}],"curies":[{"name":"wp","href":"https:\/\/api.w.org\/{rel}","templated":true}]}}