{"id":15524,"date":"2020-07-31T19:30:08","date_gmt":"2020-07-31T17:30:08","guid":{"rendered":"https:\/\/www.parkchalet-potsdam.de\/?page_id=15524"},"modified":"2024-03-07T11:52:15","modified_gmt":"2024-03-07T09:52:15","slug":"impressum","status":"publish","type":"page","link":"https:\/\/www.parkchalet-potsdam.de\/en\/impressum\/","title":{"rendered":"Imprint"},"content":{"rendered":"<div      class=\"vc_row wpb_row section vc_row-fluid\" style=' text-align:left;'><div class=\"full_section_inner clearfix\"><div class=\"wpb_column vc_column_container vc_col-sm-12\"><div class=\"vc_column-inner\"><div class=\"wpb_wrapper\">\n\t<div class=\"wpb_text_column wpb_content_element\">\n\t\t<div class=\"wpb_wrapper\">\n\t\t\t<h1>Imprint<\/h1>\n<h2>Angaben gem\u00e4\u00df \u00a7 5 TMG<\/h2>\n<p>Gerald K\u00fchn von Kaehne &amp; Pia von Kaehne GbR<br \/>\nLankestra\u00dfe 2<br \/>\n14482 Potsdam<\/p>\n<p><strong>Vertreten durch:<\/strong><br \/>\nGerald K\u00fchn von Kaehne<br \/>\nPia von Kaehne<\/p>\n<h2>Kontakt<\/h2>\n<p>Telefon: 0160 157 10 11<br \/>\nE-Mail: info@parkchalet-potsdam.de<\/p>\n<h2>Umsatzsteuer-ID<\/h2>\n<p>Umsatzsteuer-Identifikationsnummer gem\u00e4\u00df \u00a7 27 a Umsatzsteuergesetz:<br \/>\nDE214205879<\/p>\n<h2>EU-Streitschlichtung<\/h2>\n<p>Die Europ\u00e4ische Kommission stellt eine Plattform zur Online-Streitbeilegung (OS) bereit: <a href=\"https:\/\/ec.europa.eu\/consumers\/odr\" target=\"_blank\" rel=\"noopener noreferrer\">https:\/\/ec.europa.eu\/consumers\/odr<\/a>.<br \/>\nUnsere E-Mail-Adresse finden Sie oben im Impressum.<\/p>\n<h2>Verbraucher\u00adstreit\u00adbeilegung\/Universal\u00adschlichtungs\u00adstelle<\/h2>\n<p>Wir sind nicht bereit oder verpflichtet, an Streitbeilegungsverfahren vor einer Verbraucherschlichtungsstelle teilzunehmen.<\/p>\n<h3>Haftung f\u00fcr Inhalte<\/h3>\n<p>Als Diensteanbieter sind wir gem\u00e4\u00df \u00a7 7 Abs.1 TMG f\u00fcr eigene Inhalte auf diesen Seiten nach den allgemeinen Gesetzen verantwortlich. Nach \u00a7\u00a7 8 bis 10 TMG sind wir als Diensteanbieter jedoch nicht verpflichtet, \u00fcbermittelte oder gespeicherte fremde Informationen zu \u00fcberwachen oder nach Umst\u00e4nden zu forschen, die auf eine rechtswidrige T\u00e4tigkeit hinweisen.<\/p>\n<p>Verpflichtungen zur Entfernung oder Sperrung der Nutzung von Informationen nach den allgemeinen Gesetzen bleiben hiervon unber\u00fchrt. Eine diesbez\u00fcgliche Haftung ist jedoch erst ab dem Zeitpunkt der Kenntnis einer konkreten Rechtsverletzung m\u00f6glich. Bei Bekanntwerden von entsprechenden Rechtsverletzungen werden wir diese Inhalte umgehend entfernen.<\/p>\n<h3>Haftung f\u00fcr Links<\/h3>\n<p>Unser Angebot enth\u00e4lt Links zu externen Websites Dritter, auf deren Inhalte wir keinen Einfluss haben. Deshalb k\u00f6nnen wir f\u00fcr diese fremden Inhalte auch keine Gew\u00e4hr \u00fcbernehmen. F\u00fcr die Inhalte der verlinkten Seiten ist stets der jeweilige Anbieter oder Betreiber der Seiten verantwortlich. Die verlinkten Seiten wurden zum Zeitpunkt der Verlinkung auf m\u00f6gliche Rechtsverst\u00f6\u00dfe \u00fcberpr\u00fcft. Rechtswidrige Inhalte waren zum Zeitpunkt der Verlinkung nicht erkennbar.<\/p>\n<p>Eine permanente inhaltliche Kontrolle der verlinkten Seiten ist jedoch ohne konkrete Anhaltspunkte einer Rechtsverletzung nicht zumutbar. Bei Bekanntwerden von Rechtsverletzungen werden wir derartige Links umgehend entfernen.<\/p>\n<h3>Urheberrecht<\/h3>\n<p>Die durch die Seitenbetreiber erstellten Inhalte und Werke auf diesen Seiten unterliegen dem deutschen Urheberrecht. Die Vervielf\u00e4ltigung, Bearbeitung, Verbreitung und jede Art der Verwertung au\u00dferhalb der Grenzen des Urheberrechtes bed\u00fcrfen der schriftlichen Zustimmung des jeweiligen Autors bzw. Erstellers. Downloads und Kopien dieser Seite sind nur f\u00fcr den privaten, nicht kommerziellen Gebrauch gestattet.<\/p>\n<p>Soweit die Inhalte auf dieser Seite nicht vom Betreiber erstellt wurden, werden die Urheberrechte Dritter beachtet. Insbesondere werden Inhalte Dritter als solche gekennzeichnet. Sollten Sie trotzdem auf eine Urheberrechtsverletzung aufmerksam werden, bitten wir um einen entsprechenden Hinweis. Bei Bekanntwerden von Rechtsverletzungen werden wir derartige Inhalte umgehend entfernen.<\/p>\n\n\t\t<\/div> \n\t<\/div> <\/div><\/div><\/div><\/div><\/div>","protected":false},"excerpt":{"rendered":"Impressum Angaben gem\u00e4\u00df \u00a7 5 TMG Gerald K\u00fchn von Kaehne &amp; Pia von Kaehne GbR Lankestra\u00dfe 2 14482 Potsdam Vertreten durch: Gerald K\u00fchn von Kaehne Pia von Kaehne Kontakt Telefon: 0160 157 10 11 E-Mail: info@parkchalet-potsdam.de Umsatzsteuer-ID Umsatzsteuer-Identifikationsnummer gem\u00e4\u00df \u00a7 27 a Umsatzsteuergesetz: DE214205879 EU-Streitschlichtung...","protected":false},"author":4,"featured_media":0,"parent":0,"menu_order":0,"comment_status":"closed","ping_status":"closed","template":"","meta":[],"yoast_head":"<!-- This site is optimized with the Yoast SEO plugin v19.9 - https:\/\/yoast.com\/wordpress\/plugins\/seo\/ -->\n<title>Impressum - Parkchalet Potsdam<\/title>\n<meta name=\"robots\" content=\"index, follow, max-snippet:-1, max-image-preview:large, max-video-preview:-1\" \/>\n<link rel=\"canonical\" href=\"https:\/\/www.parkchalet-potsdam.de\/en\/impressum\/\" \/>\n<meta property=\"og:locale\" content=\"en_GB\" \/>\n<meta property=\"og:type\" content=\"article\" \/>\n<meta property=\"og:title\" content=\"Impressum - Parkchalet Potsdam\" \/>\n<meta property=\"og:url\" content=\"https:\/\/www.parkchalet-potsdam.de\/en\/impressum\/\" \/>\n<meta property=\"og:site_name\" content=\"Parkchalet Potsdam\" \/>\n<meta property=\"article:modified_time\" content=\"2024-03-07T09:52:15+00:00\" \/>\n<meta name=\"twitter:label1\" content=\"Estimated reading time\" \/>\n\t<meta name=\"twitter:data1\" content=\"3 minutes\" \/>\n<script type=\"application\/ld+json\" class=\"yoast-schema-graph\">{\"@context\":\"https:\/\/schema.org\",\"@graph\":[{\"@type\":\"WebPage\",\"@id\":\"https:\/\/www.parkchalet-potsdam.de\/impressum\/\",\"url\":\"https:\/\/www.parkchalet-potsdam.de\/impressum\/\",\"name\":\"Impressum - Parkchalet Potsdam\",\"isPartOf\":{\"@id\":\"https:\/\/www.parkchalet-potsdam.de\/#website\"},\"datePublished\":\"2020-07-31T17:30:08+00:00\",\"dateModified\":\"2024-03-07T09:52:15+00:00\",\"breadcrumb\":{\"@id\":\"https:\/\/www.parkchalet-potsdam.de\/impressum\/#breadcrumb\"},\"inLanguage\":\"en-GB\",\"potentialAction\":[{\"@type\":\"ReadAction\",\"target\":[\"https:\/\/www.parkchalet-potsdam.de\/impressum\/\"]}]},{\"@type\":\"BreadcrumbList\",\"@id\":\"https:\/\/www.parkchalet-potsdam.de\/impressum\/#breadcrumb\",\"itemListElement\":[{\"@type\":\"ListItem\",\"position\":1,\"name\":\"Home\",\"item\":\"https:\/\/www.parkchalet-potsdam.de\/\"},{\"@type\":\"ListItem\",\"position\":2,\"name\":\"Impressum\"}]},{\"@type\":\"WebSite\",\"@id\":\"https:\/\/www.parkchalet-potsdam.de\/#website\",\"url\":\"https:\/\/www.parkchalet-potsdam.de\/\",\"name\":\"Parkchalet Potsdam\",\"description\":\"Ferienwohnungen in Potsdam\",\"potentialAction\":[{\"@type\":\"SearchAction\",\"target\":{\"@type\":\"EntryPoint\",\"urlTemplate\":\"https:\/\/www.parkchalet-potsdam.de\/?s={search_term_string}\"},\"query-input\":\"required name=search_term_string\"}],\"inLanguage\":\"en-GB\"}]}<\/script>\n<!-- \/ Yoast SEO plugin. -->","yoast_head_json":{"title":"Impressum - Parkchalet Potsdam","robots":{"index":"index","follow":"follow","max-snippet":"max-snippet:-1","max-image-preview":"max-image-preview:large","max-video-preview":"max-video-preview:-1"},"canonical":"https:\/\/www.parkchalet-potsdam.de\/en\/impressum\/","og_locale":"en_GB","og_type":"article","og_title":"Impressum - Parkchalet Potsdam","og_url":"https:\/\/www.parkchalet-potsdam.de\/en\/impressum\/","og_site_name":"Parkchalet Potsdam","article_modified_time":"2024-03-07T09:52:15+00:00","twitter_misc":{"Estimated reading time":"3 minutes"},"schema":{"@context":"https:\/\/schema.org","@graph":[{"@type":"WebPage","@id":"https:\/\/www.parkchalet-potsdam.de\/impressum\/","url":"https:\/\/www.parkchalet-potsdam.de\/impressum\/","name":"Impressum - Parkchalet Potsdam","isPartOf":{"@id":"https:\/\/www.parkchalet-potsdam.de\/#website"},"datePublished":"2020-07-31T17:30:08+00:00","dateModified":"2024-03-07T09:52:15+00:00","breadcrumb":{"@id":"https:\/\/www.parkchalet-potsdam.de\/impressum\/#breadcrumb"},"inLanguage":"en-GB","potentialAction":[{"@type":"ReadAction","target":["https:\/\/www.parkchalet-potsdam.de\/impressum\/"]}]},{"@type":"BreadcrumbList","@id":"https:\/\/www.parkchalet-potsdam.de\/impressum\/#breadcrumb","itemListElement":[{"@type":"ListItem","position":1,"name":"Home","item":"https:\/\/www.parkchalet-potsdam.de\/"},{"@type":"ListItem","position":2,"name":"Impressum"}]},{"@type":"WebSite","@id":"https:\/\/www.parkchalet-potsdam.de\/#website","url":"https:\/\/www.parkchalet-potsdam.de\/","name":"Parkchalet Potsdam","description":"Ferienwohnungen in Potsdam","potentialAction":[{"@type":"SearchAction","target":{"@type":"EntryPoint","urlTemplate":"https:\/\/www.parkchalet-potsdam.de\/?s={search_term_string}"},"query-input":"required name=search_term_string"}],"inLanguage":"en-GB"}]}},"_links":{"self":[{"href":"https:\/\/www.parkchalet-potsdam.de\/en\/wp-json\/wp\/v2\/pages\/15524"}],"collection":[{"href":"https:\/\/www.parkchalet-potsdam.de\/en\/wp-json\/wp\/v2\/pages"}],"about":[{"href":"https:\/\/www.parkchalet-potsdam.de\/en\/wp-json\/wp\/v2\/types\/page"}],"author":[{"embeddable":true,"href":"https:\/\/www.parkchalet-potsdam.de\/en\/wp-json\/wp\/v2\/users\/4"}],"replies":[{"embeddable":true,"href":"https:\/\/www.parkchalet-potsdam.de\/en\/wp-json\/wp\/v2\/comments?post=15524"}],"version-history":[{"count":3,"href":"https:\/\/www.parkchalet-potsdam.de\/en\/wp-json\/wp\/v2\/pages\/15524\/revisions"}],"predecessor-version":[{"id":15949,"href":"https:\/\/www.parkchalet-potsdam.de\/en\/wp-json\/wp\/v2\/pages\/15524\/revisions\/15949"}],"wp:attachment":[{"href":"https:\/\/www.parkchalet-potsdam.de\/en\/wp-json\/wp\/v2\/media?parent=15524"}],"curies":[{"name":"wp","href":"https:\/\/api.w.org\/{rel}","templated":true}]}}