{"id":15498,"date":"2020-07-31T17:36:23","date_gmt":"2020-07-31T15:36:23","guid":{"rendered":"http:\/\/www.parkchalet-potsdam.de\/?page_id=15498"},"modified":"2025-12-12T15:51:04","modified_gmt":"2025-12-12T13:51:04","slug":"lichtung","status":"publish","type":"page","link":"https:\/\/www.parkchalet-potsdam.de\/en\/lichtung\/","title":{"rendered":"glade"},"content":{"rendered":"<div      class=\"vc_row wpb_row section vc_row-fluid  grid_section\" style='background-color:#f4f4f5; padding-top:109px; padding-bottom:50px; text-align:left;'><div class=\"section_inner clearfix\"><div class='section_inner_margin clearfix'><div class=\"wpb_column vc_column_container vc_col-sm-12\"><div class=\"vc_column-inner\"><div class=\"wpb_wrapper\"><div class=\"separator  transparent\" style=\"margin-top: 26px;margin-bottom: 0px;\"><\/div>\n<div class=\"separator  small center\" style=\"margin-top: 25px;margin-bottom: 25px;\"><\/div>\n\n\t<div class=\"wpb_text_column wpb_content_element\">\n\t\t<div class=\"wpb_wrapper\">\n\t\t\t<h3><\/h3>\n<h3 style=\"text-align: center;\">glade - colors, sky, meadow ground<\/h3>\n<h4 class=\"sub-header\" style=\"text-align: center;\"><\/h4>\n\n\t\t<\/div> \n\t<\/div> <div class=\"separator  transparent\" style=\"margin-top: 26px;margin-bottom: 0px;\"><\/div>\n<div class=\"separator  transparent\" style=\"margin-top: 25px;margin-bottom: 25px;\"><\/div>\n<\/div><\/div><\/div><\/div><\/div><\/div><div      class=\"vc_row wpb_row section vc_row-fluid  grid_section\" style=' text-align:left;'><div class=\"section_inner clearfix\"><div class='section_inner_margin clearfix'><div class=\"wpb_column vc_column_container vc_col-sm-12\"><div class=\"vc_column-inner\"><div class=\"wpb_wrapper\"><div class=\"separator  transparent\" style=\"margin-top: 26px;margin-bottom: 0px;\"><\/div>\n<div class=\"separator  transparent\" style=\"margin-top: 25px;margin-bottom: 25px;\"><\/div>\n<div class=\"wpb_gallery wpb_content_element vc_clearfix\"><div class=\"wpb_wrapper\"><div class=\"wpb_gallery_slides wpb_flexslider flexslider_fade flexslider\" data-interval=\"3\" data-flex_fx=\"fade\"><ul class=\"slides\"><li><a itemprop=\"image\" class=\"qode-prettyphoto\" href=\"https:\/\/www.parkchalet-potsdam.de\/wp-content\/uploads\/2020\/07\/WhatsApp-Image-2020-05-12-at-16.56.22-1024x682.jpeg\" data-rel=\"prettyPhoto[rel-15498-3623915510]\"><img class=\"\" src=\"https:\/\/www.parkchalet-potsdam.de\/wp-content\/uploads\/2020\/07\/WhatsApp-Image-2020-05-12-at-16.56.22-e1605001752947.jpeg\" width=\"1400\" height=\"933\" alt=\"Lichtung\" title=\"glade\" \/><\/a><\/li><li><a itemprop=\"image\" class=\"qode-prettyphoto\" href=\"https:\/\/www.parkchalet-potsdam.de\/wp-content\/uploads\/2016\/01\/Lichtung-Schlafnische-RKHN7771_web-1024x680.jpg\" data-rel=\"prettyPhoto[rel-15498-3623915510]\"><img class=\"\" src=\"https:\/\/www.parkchalet-potsdam.de\/wp-content\/uploads\/2016\/01\/Lichtung-Schlafnische-RKHN7771_web.jpg\" width=\"1400\" height=\"930\" alt=\"Lichtung, Schlafnische\" title=\"Lichtung Schlafnische RKHN7771_web\" \/><\/a><\/li><li><a itemprop=\"image\" class=\"qode-prettyphoto\" href=\"https:\/\/www.parkchalet-potsdam.de\/wp-content\/uploads\/2016\/01\/Lichtung-K\u00fcche-RKHN7770_web-1024x680.jpg\" data-rel=\"prettyPhoto[rel-15498-3623915510]\"><img class=\"\" src=\"https:\/\/www.parkchalet-potsdam.de\/wp-content\/uploads\/2016\/01\/Lichtung-K\u00fcche-RKHN7770_web.jpg\" width=\"1400\" height=\"930\" alt=\"Lichtung,K\u00fcche\" title=\"Lichtung K\u00fcche RKHN7770_web\" \/><\/a><\/li><li><a itemprop=\"image\" class=\"qode-prettyphoto\" href=\"https:\/\/www.parkchalet-potsdam.de\/wp-content\/uploads\/2017\/02\/Grundriss-Lichtung-e1609355286406-1024x756.jpg\" data-rel=\"prettyPhoto[rel-15498-3623915510]\"><img class=\"\" src=\"https:\/\/www.parkchalet-potsdam.de\/wp-content\/uploads\/2017\/02\/Grundriss-Lichtung-e1609355286406-1706x1000.jpg\" width=\"1706\" height=\"1000\" alt=\"Lichtung, Grundriss\" title=\"Grundriss Lichtung\" \/><\/a><div class=\"qode-image-slider-description\"><p>Grundriss Lichtung<\/p><\/div><\/li><li><a itemprop=\"image\" class=\"qode-prettyphoto\" href=\"https:\/\/www.parkchalet-potsdam.de\/wp-content\/uploads\/2016\/01\/Lichtung-BalkonRKHN7738_web-1024x680.jpg\" data-rel=\"prettyPhoto[rel-15498-3623915510]\"><img class=\"\" src=\"https:\/\/www.parkchalet-potsdam.de\/wp-content\/uploads\/2016\/01\/Lichtung-BalkonRKHN7738_web.jpg\" width=\"1400\" height=\"930\" alt=\"Lichtung, BalkonEspresso im November\" title=\"Lichtung-BalkonRKHN7738_web\" \/><\/a><\/li><\/ul><\/div><\/div><\/div>\n\t<div class=\"wpb_text_column wpb_content_element\">\n\t\t<div class=\"wpb_wrapper\">\n\t\t\t<h4>Description:<\/h4>\n<h4>A cozy sleeping alcove, a couch with a recamiere, a solid meranti dining and desk in the middle of the room, a kitchen with everything you need, especially the connecting door to a life on the balcony. If you want to immerse yourself in the many moods of a park, if you want to see fresh leaves in spring, deep green treetops in summer, autumn leaves dancing in the wind or sinking in a thoughtful glide, the imposing gable glazing reveals a spectacle that only nature can offer. In spring, when everything is awakening, or in summer, meals up here are like picnics in a glade....<\/h4>\n<h4 class=\"text-unten\">The glade, which gave the name to this apartment, is not only seen in the leafier seasons. It is a big wide meadow, at the edge of which there is a small ravine and an interesting circular path. Up here under the canopy, the silence is audible when in late autumn and winter the rain moisture draws dark, wide stripes on the trunks. What a sight when the hoarfrost exposes the structures of the trees and all the ramifications become visible. If you are looking for peace and seclusion, you can find it here. Every day has a different color, wake up in the morning and off to the park, out into life.<\/h4>\n\n\t\t<\/div> \n\t<\/div> <div class=\"separator  transparent\" style=\"\"><\/div>\n\n\t<div class=\"wpb_text_column wpb_content_element\">\n\t\t<div class=\"wpb_wrapper\">\n\t\t\t<h4>Prices:<br \/>\nbei einer Belegung von 2 Personen \u20ac 170,- pro Nacht<br \/>\nincluding bed linen, towels, final cleaning, VAT &amp; accommodation tax.<\/h4>\n<h4>WiFi and flat screen TV are available<\/h4>\n<h4>Zustellbett Erwachsener \u20ac 22,- pro Nacht<br \/>\nZustellbett Kind \u20ac 12,- pro Nacht<\/h4>\n\n\t\t<\/div> \n\t<\/div> <div class=\"separator  transparent\" style=\"\"><\/div>\n<div class=\"separator  transparent\" style=\"\"><\/div>\n<div class=\"separator  transparent\" style=\"\"><\/div>\n<div class=\"separator  transparent\" style=\"\"><\/div>\n<\/div><\/div><\/div><\/div><\/div><\/div><div      class=\"vc_row wpb_row section vc_row-fluid\" style=' text-align:left;'><div class=\"full_section_inner clearfix\"><div class=\"wpb_column vc_column_container vc_col-sm-12 vc_hidden-lg vc_hidden-md\"><div class=\"vc_column-inner\"><div class=\"wpb_wrapper\">\n\t<div class=\"wpb_text_column wpb_content_element\">\n\t\t<div class=\"wpb_wrapper\">\n\t\t\t<h4><a href=\"https:\/\/www.fungiwo.com\/extern\/belegungskalender-komplett.php?id=ev632187&amp;sprache=deutsch\"><strong>\u00dcberblickskalender f\u00fcr alle Apartments \u2192<\/strong><\/a><\/h4>\n\n\t\t<\/div> \n\t<\/div> <\/div><\/div><\/div><\/div><\/div><div      class=\"vc_row wpb_row section vc_row-fluid\" style=' text-align:left;'><div class=\"full_section_inner clearfix\"><div class=\"wpb_column vc_column_container vc_col-sm-12 vc_hidden-sm vc_hidden-xs\"><div class=\"vc_column-inner\"><div class=\"wpb_wrapper\">\n\t<div class=\"wpb_text_column wpb_content_element\">\n\t\t<div class=\"wpb_wrapper\">\n\t\t\t<h4><a href=\"https:\/\/www.parkchalet-potsdam.de\/en\/belegungskalender-komplettueberblick\/\"><strong>\u00dcberblickskalender f\u00fcr alle Apartments \u2192<\/strong><\/a><\/h4>\n\n\t\t<\/div> \n\t<\/div> <\/div><\/div><\/div><\/div><\/div><div      class=\"vc_row wpb_row section vc_row-fluid  grid_section\" style='background-color:#f4f4f5; padding-top:109px; padding-bottom:50px; text-align:left;'><div class=\"section_inner clearfix\"><div class='section_inner_margin clearfix'><div class=\"wpb_column vc_column_container vc_col-sm-12\"><div class=\"vc_column-inner\"><div class=\"wpb_wrapper\">\n\t<div class=\"wpb_text_column wpb_content_element\">\n\t\t<div class=\"wpb_wrapper\">\n\t\t\t<p><code><iframe loading=\"lazy\" src=\"\/\/www.fungiwo.com\/extern\/belegungskalender-einzel.php?id=10174513&amp;sprache=deutsch\" name=\"fungiwo.de-Belegungskalender\" width=\"100%\" height=\"1000\" frameborder=\"0\" scrolling=\"no\"><\/iframe><!-- Ende: Belegungskalender von fungiwo.de --><\/code><\/p>\n\n\t\t<\/div> \n\t<\/div> <\/div><\/div><\/div><\/div><\/div><\/div><div      class=\"vc_row wpb_row section vc_row-fluid\" style=' text-align:left;'><div class=\"full_section_inner clearfix\"><div class=\"wpb_column vc_column_container vc_col-sm-12 vc_hidden-sm vc_hidden-xs\"><div class=\"vc_column-inner\"><div class=\"wpb_wrapper\"><div class=\"container_inner\"><div class=\"call_to_action normal\" style=\"\"><div class=\"two_columns_75_25 clearfix\"><div class=\"text_wrapper column1\"><div class=\"call_to_action_text\" style=\"\">glade - colors, sky, meadow ground<\/div><\/div><div class=\"button_wrapper column2\"><a itemprop=\"url\" href=\"https:\/\/www.parkchalet-potsdam.de\/en\/anfragen-buchen\/\" class=\"qbutton white medium\" target=\"\" style=\"color: #ffffff;border-color: #ffffff;\" data-hover-color=\"#ffffff\">Request\/Booking<\/a><\/div><\/div><\/div><\/div><\/div><\/div><\/div><\/div><\/div><div      class=\"vc_row wpb_row section vc_row-fluid  grid_section\" style='background-color:#f4f4f5; padding-top:109px; padding-bottom:50px; text-align:left;'><div class=\"section_inner clearfix\"><div class='section_inner_margin clearfix'><div class=\"wpb_column vc_column_container vc_col-sm-12 vc_hidden-lg vc_hidden-md\"><div class=\"vc_column-inner\"><div class=\"wpb_wrapper\"><a  itemprop=\"url\" href=\"https:\/\/www.parkchalet-potsdam.de\/en\/anfragen-buchen\/\" target=\"_self\" data-hover-background-color='#808ba0' data-hover-border-color='#808ba0' data-hover-color='#808ba0' class=\"qbutton  small default\" style=\"color: #ffffff; border-color: #ffffff; background-color: #808ba0;\">Request\/Booking<\/a><\/div><\/div><\/div><\/div><\/div><\/div><div      class=\"vc_row wpb_row section vc_row-fluid\" style=' text-align:left;'><div class=\"full_section_inner clearfix\"><div class=\"wpb_column vc_column_container vc_col-sm-12\"><div class=\"vc_column-inner\"><div class=\"wpb_wrapper\"><\/div><\/div><\/div><\/div><\/div>","protected":false},"excerpt":{"rendered":"Lichtung \u2013 Farben, Himmel, Wiesengrund Grundriss Lichtung Beschreibung: eine heimelige Schlafnische, eine Couch mit Recamiere, ein solider Meranti Ess- und Schreibtisch mitten im Raum, eine K\u00fcche mit allem was man braucht, vor allem der Verbindungst\u00fcr zu einem Leben auf dem Balkon. Wer in die vielf\u00e4ltigen...","protected":false},"author":4,"featured_media":0,"parent":0,"menu_order":0,"comment_status":"closed","ping_status":"closed","template":"","meta":[],"yoast_head":"<!-- This site is optimized with the Yoast SEO plugin v19.9 - https:\/\/yoast.com\/wordpress\/plugins\/seo\/ -->\n<title>Lichtung - Parkchalet Potsdam<\/title>\n<meta name=\"robots\" content=\"index, follow, max-snippet:-1, max-image-preview:large, max-video-preview:-1\" \/>\n<link rel=\"canonical\" href=\"https:\/\/www.parkchalet-potsdam.de\/en\/lichtung\/\" \/>\n<meta property=\"og:locale\" content=\"en_GB\" \/>\n<meta property=\"og:type\" content=\"article\" \/>\n<meta property=\"og:title\" content=\"Lichtung - Parkchalet Potsdam\" \/>\n<meta property=\"og:url\" content=\"https:\/\/www.parkchalet-potsdam.de\/en\/lichtung\/\" \/>\n<meta property=\"og:site_name\" content=\"Parkchalet Potsdam\" \/>\n<meta property=\"article:modified_time\" content=\"2025-12-12T13:51:04+00:00\" \/>\n<meta name=\"twitter:label1\" content=\"Estimated reading time\" \/>\n\t<meta name=\"twitter:data1\" content=\"3 minutes\" \/>\n<script type=\"application\/ld+json\" class=\"yoast-schema-graph\">{\"@context\":\"https:\/\/schema.org\",\"@graph\":[{\"@type\":\"WebPage\",\"@id\":\"https:\/\/www.parkchalet-potsdam.de\/lichtung\/\",\"url\":\"https:\/\/www.parkchalet-potsdam.de\/lichtung\/\",\"name\":\"Lichtung - Parkchalet Potsdam\",\"isPartOf\":{\"@id\":\"https:\/\/www.parkchalet-potsdam.de\/#website\"},\"datePublished\":\"2020-07-31T15:36:23+00:00\",\"dateModified\":\"2025-12-12T13:51:04+00:00\",\"breadcrumb\":{\"@id\":\"https:\/\/www.parkchalet-potsdam.de\/lichtung\/#breadcrumb\"},\"inLanguage\":\"en-GB\",\"potentialAction\":[{\"@type\":\"ReadAction\",\"target\":[\"https:\/\/www.parkchalet-potsdam.de\/lichtung\/\"]}]},{\"@type\":\"BreadcrumbList\",\"@id\":\"https:\/\/www.parkchalet-potsdam.de\/lichtung\/#breadcrumb\",\"itemListElement\":[{\"@type\":\"ListItem\",\"position\":1,\"name\":\"Home\",\"item\":\"https:\/\/www.parkchalet-potsdam.de\/\"},{\"@type\":\"ListItem\",\"position\":2,\"name\":\"Lichtung\"}]},{\"@type\":\"WebSite\",\"@id\":\"https:\/\/www.parkchalet-potsdam.de\/#website\",\"url\":\"https:\/\/www.parkchalet-potsdam.de\/\",\"name\":\"Parkchalet Potsdam\",\"description\":\"Ferienwohnungen in Potsdam\",\"potentialAction\":[{\"@type\":\"SearchAction\",\"target\":{\"@type\":\"EntryPoint\",\"urlTemplate\":\"https:\/\/www.parkchalet-potsdam.de\/?s={search_term_string}\"},\"query-input\":\"required name=search_term_string\"}],\"inLanguage\":\"en-GB\"}]}<\/script>\n<!-- \/ Yoast SEO plugin. -->","yoast_head_json":{"title":"Lichtung - Parkchalet Potsdam","robots":{"index":"index","follow":"follow","max-snippet":"max-snippet:-1","max-image-preview":"max-image-preview:large","max-video-preview":"max-video-preview:-1"},"canonical":"https:\/\/www.parkchalet-potsdam.de\/en\/lichtung\/","og_locale":"en_GB","og_type":"article","og_title":"Lichtung - Parkchalet Potsdam","og_url":"https:\/\/www.parkchalet-potsdam.de\/en\/lichtung\/","og_site_name":"Parkchalet Potsdam","article_modified_time":"2025-12-12T13:51:04+00:00","twitter_misc":{"Estimated reading time":"3 minutes"},"schema":{"@context":"https:\/\/schema.org","@graph":[{"@type":"WebPage","@id":"https:\/\/www.parkchalet-potsdam.de\/lichtung\/","url":"https:\/\/www.parkchalet-potsdam.de\/lichtung\/","name":"Lichtung - Parkchalet Potsdam","isPartOf":{"@id":"https:\/\/www.parkchalet-potsdam.de\/#website"},"datePublished":"2020-07-31T15:36:23+00:00","dateModified":"2025-12-12T13:51:04+00:00","breadcrumb":{"@id":"https:\/\/www.parkchalet-potsdam.de\/lichtung\/#breadcrumb"},"inLanguage":"en-GB","potentialAction":[{"@type":"ReadAction","target":["https:\/\/www.parkchalet-potsdam.de\/lichtung\/"]}]},{"@type":"BreadcrumbList","@id":"https:\/\/www.parkchalet-potsdam.de\/lichtung\/#breadcrumb","itemListElement":[{"@type":"ListItem","position":1,"name":"Home","item":"https:\/\/www.parkchalet-potsdam.de\/"},{"@type":"ListItem","position":2,"name":"Lichtung"}]},{"@type":"WebSite","@id":"https:\/\/www.parkchalet-potsdam.de\/#website","url":"https:\/\/www.parkchalet-potsdam.de\/","name":"Parkchalet Potsdam","description":"Ferienwohnungen in Potsdam","potentialAction":[{"@type":"SearchAction","target":{"@type":"EntryPoint","urlTemplate":"https:\/\/www.parkchalet-potsdam.de\/?s={search_term_string}"},"query-input":"required name=search_term_string"}],"inLanguage":"en-GB"}]}},"_links":{"self":[{"href":"https:\/\/www.parkchalet-potsdam.de\/en\/wp-json\/wp\/v2\/pages\/15498"}],"collection":[{"href":"https:\/\/www.parkchalet-potsdam.de\/en\/wp-json\/wp\/v2\/pages"}],"about":[{"href":"https:\/\/www.parkchalet-potsdam.de\/en\/wp-json\/wp\/v2\/types\/page"}],"author":[{"embeddable":true,"href":"https:\/\/www.parkchalet-potsdam.de\/en\/wp-json\/wp\/v2\/users\/4"}],"replies":[{"embeddable":true,"href":"https:\/\/www.parkchalet-potsdam.de\/en\/wp-json\/wp\/v2\/comments?post=15498"}],"version-history":[{"count":11,"href":"https:\/\/www.parkchalet-potsdam.de\/en\/wp-json\/wp\/v2\/pages\/15498\/revisions"}],"predecessor-version":[{"id":15968,"href":"https:\/\/www.parkchalet-potsdam.de\/en\/wp-json\/wp\/v2\/pages\/15498\/revisions\/15968"}],"wp:attachment":[{"href":"https:\/\/www.parkchalet-potsdam.de\/en\/wp-json\/wp\/v2\/media?parent=15498"}],"curies":[{"name":"wp","href":"https:\/\/api.w.org\/{rel}","templated":true}]}}