{"id":15496,"date":"2020-07-31T17:25:49","date_gmt":"2020-07-31T15:25:49","guid":{"rendered":"http:\/\/www.parkchalet-potsdam.de\/?page_id=15496"},"modified":"2025-12-10T13:15:10","modified_gmt":"2025-12-10T11:15:10","slug":"neugierde","status":"publish","type":"page","link":"https:\/\/www.parkchalet-potsdam.de\/en\/neugierde\/","title":{"rendered":"curiosity"},"content":{"rendered":"<div      class=\"vc_row wpb_row section vc_row-fluid  grid_section\" style='background-color:#f4f4f5; padding-top:109px; padding-bottom:50px; text-align:left;'><div class=\"section_inner clearfix\"><div class='section_inner_margin clearfix'><div class=\"wpb_column vc_column_container vc_col-sm-12\"><div class=\"vc_column-inner\"><div class=\"wpb_wrapper\"><div class=\"separator  transparent\" style=\"margin-top: 26px;margin-bottom: 0px;\"><\/div>\n<div class=\"separator  small center\" style=\"margin-top: 25px;margin-bottom: 25px;\"><\/div>\n\n\t<div class=\"wpb_text_column wpb_content_element\">\n\t\t<div class=\"wpb_wrapper\">\n\t\t\t<h3><\/h3>\n<h3 style=\"text-align: center;\">Curiosity - widens the view<\/h3>\n<h4 style=\"text-align: center;\"><\/h4>\n\n\t\t<\/div> \n\t<\/div> <div class=\"separator  transparent\" style=\"margin-top: 26px;margin-bottom: 0px;\"><\/div>\n<div class=\"separator  transparent\" style=\"margin-top: 25px;margin-bottom: 25px;\"><\/div>\n<\/div><\/div><\/div><\/div><\/div><\/div><div      class=\"vc_row wpb_row section vc_row-fluid  grid_section\" style=' text-align:left;'><div class=\"section_inner clearfix\"><div class='section_inner_margin clearfix'><div class=\"wpb_column vc_column_container vc_col-sm-12\"><div class=\"vc_column-inner\"><div class=\"wpb_wrapper\"><div class=\"separator  transparent\" style=\"margin-top: 26px;margin-bottom: 0px;\"><\/div>\n<div class=\"separator  transparent\" style=\"margin-top: 25px;margin-bottom: 25px;\"><\/div>\n<div class=\"wpb_gallery wpb_content_element vc_clearfix\"><div class=\"wpb_wrapper\"><div class=\"wpb_gallery_slides wpb_flexslider flexslider_fade flexslider\" data-interval=\"3\" data-flex_fx=\"fade\"><ul class=\"slides\"><li><a itemprop=\"image\" class=\"qode-prettyphoto\" href=\"https:\/\/www.parkchalet-potsdam.de\/wp-content\/uploads\/2016\/01\/Neugierde-Schlafzimmer-RKHN7973_web-1024x680.jpg\" data-rel=\"prettyPhoto[rel-15496-655467522]\"><img class=\"\" src=\"https:\/\/www.parkchalet-potsdam.de\/wp-content\/uploads\/2016\/01\/Neugierde-Schlafzimmer-RKHN7973_web.jpg\" width=\"1400\" height=\"930\" alt=\"Neugierde, grosses Schlafzimmer\" title=\"Neugierde-Schlafzimmer RKHN7973_web\" \/><\/a><\/li><li><a itemprop=\"image\" class=\"qode-prettyphoto\" href=\"https:\/\/www.parkchalet-potsdam.de\/wp-content\/uploads\/2016\/01\/Neugierde-Schlafzimmer-KHN7965_web-1024x680.jpg\" data-rel=\"prettyPhoto[rel-15496-655467522]\"><img class=\"\" src=\"https:\/\/www.parkchalet-potsdam.de\/wp-content\/uploads\/2016\/01\/Neugierde-Schlafzimmer-KHN7965_web.jpg\" width=\"1400\" height=\"930\" alt=\"Neugierde, grosses Schlafzimmer\" title=\"Neugierde Schlafzimmer KHN7965_web\" \/><\/a><\/li><li><a itemprop=\"image\" class=\"qode-prettyphoto\" href=\"https:\/\/www.parkchalet-potsdam.de\/wp-content\/uploads\/2021\/05\/Neugierde-bett-copy-1024x683.jpg\" data-rel=\"prettyPhoto[rel-15496-655467522]\"><img class=\"\" src=\"https:\/\/www.parkchalet-potsdam.de\/wp-content\/uploads\/2021\/05\/Neugierde-bett-copy-1600x1000.jpg\" width=\"1600\" height=\"1000\" alt=\"Neugierde - Bett\" title=\"Neugierde - Bett\" \/><\/a><\/li><li><a itemprop=\"image\" class=\"qode-prettyphoto\" href=\"https:\/\/www.parkchalet-potsdam.de\/wp-content\/uploads\/2016\/01\/Neugierde-RKHN7872_web-1024x680.jpg\" data-rel=\"prettyPhoto[rel-15496-655467522]\"><img class=\"\" src=\"https:\/\/www.parkchalet-potsdam.de\/wp-content\/uploads\/2016\/01\/Neugierde-RKHN7872_web.jpg\" width=\"1400\" height=\"930\" alt=\"Neugierde, K\u00fcche und Esstisch\" title=\"Neugierde RKHN7872_web\" \/><\/a><\/li><li><a itemprop=\"image\" class=\"qode-prettyphoto\" href=\"https:\/\/www.parkchalet-potsdam.de\/wp-content\/uploads\/2016\/01\/Neugierde-K\u00fccheWohnenRKHN7909_web-1024x680.jpg\" data-rel=\"prettyPhoto[rel-15496-655467522]\"><img class=\"\" src=\"https:\/\/www.parkchalet-potsdam.de\/wp-content\/uploads\/2016\/01\/Neugierde-K\u00fccheWohnenRKHN7909_web.jpg\" width=\"1400\" height=\"930\" alt=\"Neugierde,Blick vom Esstisch\" title=\"Neugierde -K\u00fcche:WohnenRKHN7909_web\" \/><\/a><\/li><li><a itemprop=\"image\" class=\"qode-prettyphoto\" href=\"https:\/\/www.parkchalet-potsdam.de\/wp-content\/uploads\/2016\/01\/Neugierde-K\u00fcche-RKHN7911_web-1024x680.jpg\" data-rel=\"prettyPhoto[rel-15496-655467522]\"><img class=\"\" src=\"https:\/\/www.parkchalet-potsdam.de\/wp-content\/uploads\/2016\/01\/Neugierde-K\u00fcche-RKHN7911_web.jpg\" width=\"1400\" height=\"930\" alt=\"Neugierde, K\u00fcche\" title=\"Neugierde K\u00fcche RKHN7911_web\" \/><\/a><\/li><li><a itemprop=\"image\" class=\"qode-prettyphoto\" href=\"https:\/\/www.parkchalet-potsdam.de\/wp-content\/uploads\/2016\/01\/Neugierde-Bad-RKHN7986_web-1024x680.jpg\" data-rel=\"prettyPhoto[rel-15496-655467522]\"><img class=\"\" src=\"https:\/\/www.parkchalet-potsdam.de\/wp-content\/uploads\/2016\/01\/Neugierde-Bad-RKHN7986_web.jpg\" width=\"1400\" height=\"930\" alt=\"Neugierde, Bad Parkseite\" title=\"Neugierde-Bad RKHN7986_web\" \/><\/a><\/li><li><a itemprop=\"image\" class=\"qode-prettyphoto\" href=\"https:\/\/www.parkchalet-potsdam.de\/wp-content\/uploads\/2021\/05\/P1011797-1024x683.jpg\" data-rel=\"prettyPhoto[rel-15496-655467522]\"><img class=\"\" src=\"https:\/\/www.parkchalet-potsdam.de\/wp-content\/uploads\/2021\/05\/P1011797-e1619966928578-1600x1000.jpg\" width=\"1600\" height=\"1000\" alt=\"Neugierde - Terrasse\" title=\"Neugierde - Terrasse\" \/><\/a><\/li><li><a itemprop=\"image\" class=\"qode-prettyphoto\" href=\"https:\/\/www.parkchalet-potsdam.de\/wp-content\/uploads\/2017\/02\/Neugierde-final-1024x753.jpg\" data-rel=\"prettyPhoto[rel-15496-655467522]\"><img class=\"\" src=\"https:\/\/www.parkchalet-potsdam.de\/wp-content\/uploads\/2017\/02\/Neugierde-final-e1605002165455-1400x1000.jpg\" width=\"1400\" height=\"1000\" alt=\"Neugierde, Grundriss\" title=\"Neugierde Grundriss\" \/><\/a><div class=\"qode-image-slider-description\"><p>Neugierde Grundriss<\/p><\/div><\/li><\/ul><\/div><\/div><\/div>\n\t<div class=\"wpb_text_column wpb_content_element\">\n\t\t<div class=\"wpb_wrapper\">\n\t\t\t<h4>Description:<\/h4>\n<h4>\"He who is not curious learns nothing,\" wrote Goethe, and one may assume that he was not the only one who would have felt at home in this multifaceted apartment. A communicative kitchen block centers the space, in line of sight with the large dining table with morning sun. Three double French doors facing south let the sun in also to the living area, adjoined by the terrace facing west. There are three sleeping options: the study with folding couch, a small bedroom and a large bedroom with impressive meadow-forest and park panorama.<\/h4>\n<h4 class=\"text-unten\">In no other apartment you experience the peculiarity of the location of the Parkch\u00e2let more than here. The osterker at the dining area shows the slope situation in its entirety and is like a small curiosity of the Louis Nathan avenue. The French windows with their French balconies on the south side are like viewing platforms to a seasonally changing painting. In the leafless period, the whole place is in view. Spring and summer create a symphony in green, which slowly fades out in autumn with a firework of colors. The south-west terrace at the living area and the exit from the large bedroom lead from the ground level meadow green directly into the adjacent park. The views from the bedrooms reward waking up and setting the mood for what the day has in store.<\/h4>\n\n\t\t<\/div> \n\t<\/div> <div class=\"separator  transparent\" style=\"\"><\/div>\n\n\t<div class=\"wpb_text_column wpb_content_element\">\n\t\t<div class=\"wpb_wrapper\">\n\t\t\t<h4>Prices:<br \/>\nbei einer Belegung von 2-5 Personen \u20ac 290,- pro Nacht<br \/>\nincluding bed linen, towels, final cleaning, VAT &amp; accommodation tax.<\/h4>\n<h4>WiFi and flat screen TV are available<\/h4>\n<h4>Zustellbett Erwachsener \u20ac 21,- pro Nacht<br \/>\nZustellbett Kind \u20ac 12,- pro Nacht<br \/>\nHund auf Anfrage \u20ac 16,- pro Nacht<\/h4>\n\n\t\t<\/div> \n\t<\/div> <div class=\"separator  transparent\" style=\"\"><\/div>\n<div class=\"separator  transparent\" style=\"\"><\/div>\n<div class=\"separator  transparent\" style=\"\"><\/div>\n<\/div><\/div><\/div><\/div><\/div><\/div><div      class=\"vc_row wpb_row section vc_row-fluid\" style=' text-align:left;'><div class=\"full_section_inner clearfix\"><div class=\"wpb_column vc_column_container vc_col-sm-12 vc_hidden-lg vc_hidden-md\"><div class=\"vc_column-inner\"><div class=\"wpb_wrapper\">\n\t<div class=\"wpb_text_column wpb_content_element\">\n\t\t<div class=\"wpb_wrapper\">\n\t\t\t<h4><a href=\"https:\/\/www.fungiwo.com\/extern\/belegungskalender-komplett.php?id=ev632187&amp;sprache=deutsch\"><strong>\u00dcberblickskalender f\u00fcr alle Apartments \u2192<\/strong><\/a><\/h4>\n\n\t\t<\/div> \n\t<\/div> <\/div><\/div><\/div><\/div><\/div><div      class=\"vc_row wpb_row section vc_row-fluid\" style=' text-align:left;'><div class=\"full_section_inner clearfix\"><div class=\"wpb_column vc_column_container vc_col-sm-12 vc_hidden-sm vc_hidden-xs\"><div class=\"vc_column-inner\"><div class=\"wpb_wrapper\">\n\t<div class=\"wpb_text_column wpb_content_element\">\n\t\t<div class=\"wpb_wrapper\">\n\t\t\t<h4><a href=\"https:\/\/www.parkchalet-potsdam.de\/en\/belegungskalender-komplettueberblick\/\"><strong>\u00dcberblickskalender f\u00fcr alle Apartments \u2192<\/strong><\/a><\/h4>\n\n\t\t<\/div> \n\t<\/div> <\/div><\/div><\/div><\/div><\/div><div      class=\"vc_row wpb_row section vc_row-fluid  grid_section\" style='background-color:#f4f4f5; padding-top:109px; padding-bottom:50px; text-align:left;'><div class=\"section_inner clearfix\"><div class='section_inner_margin clearfix'><div class=\"wpb_column vc_column_container vc_col-sm-12\"><div class=\"vc_column-inner\"><div class=\"wpb_wrapper\">\n\t<div class=\"wpb_text_column wpb_content_element\">\n\t\t<div class=\"wpb_wrapper\">\n\t\t\t<p><code><iframe loading=\"lazy\" src=\"\/\/www.fungiwo.com\/extern\/belegungskalender-einzel.php?id=10177987&amp;sprache=deutsch\" name=\"fungiwo.de-Belegungskalender\" width=\"100%\" height=\"1000\" frameborder=\"0\" scrolling=\"no\"><\/iframe><!-- Ende: Belegungskalender von fungiwo.de --><\/code><\/p>\n\n\t\t<\/div> \n\t<\/div> <\/div><\/div><\/div><\/div><\/div><\/div><div      class=\"vc_row wpb_row section vc_row-fluid\" style=' text-align:left;'><div class=\"full_section_inner clearfix\"><div class=\"wpb_column vc_column_container vc_col-sm-12 vc_hidden-sm vc_hidden-xs\"><div class=\"vc_column-inner\"><div class=\"wpb_wrapper\"><div class=\"container_inner\"><div class=\"call_to_action normal\" style=\"\"><div class=\"two_columns_75_25 clearfix\"><div class=\"text_wrapper column1\"><div class=\"call_to_action_text\" style=\"\">Curiosity - widens the view<\/div><\/div><div class=\"button_wrapper column2\"><a itemprop=\"url\" href=\"https:\/\/www.parkchalet-potsdam.de\/en\/anfragen-buchen\/\" class=\"qbutton white medium\" target=\"\" style=\"color: #ffffff;border-color: #ffffff;\" data-hover-color=\"#ffffff\">Request\/Booking<\/a><\/div><\/div><\/div><\/div><\/div><\/div><\/div><\/div><\/div><div      class=\"vc_row wpb_row section vc_row-fluid  grid_section\" style='background-color:#f4f4f5; padding-top:109px; padding-bottom:50px; text-align:left;'><div class=\"section_inner clearfix\"><div class='section_inner_margin clearfix'><div class=\"wpb_column vc_column_container vc_col-sm-12 vc_hidden-lg vc_hidden-md\"><div class=\"vc_column-inner\"><div class=\"wpb_wrapper\"><a  itemprop=\"url\" href=\"https:\/\/www.parkchalet-potsdam.de\/en\/anfragen-buchen\/\" target=\"_self\" data-hover-background-color='#808ba0' data-hover-border-color='#808ba0' data-hover-color='#808ba0' class=\"qbutton  small default\" style=\"color: #ffffff; border-color: #ffffff; background-color: #808ba0;\">Request\/Booking<\/a><\/div><\/div><\/div><\/div><\/div><\/div><div      class=\"vc_row wpb_row section vc_row-fluid\" style=' text-align:left;'><div class=\"full_section_inner clearfix\"><div class=\"wpb_column vc_column_container vc_col-sm-12\"><div class=\"vc_column-inner\"><div class=\"wpb_wrapper\"><\/div><\/div><\/div><\/div><\/div>","protected":false},"excerpt":{"rendered":"Neugierde - weitet den Blick Neugierde Grundriss Beschreibung: \u201cWer nicht neugierig ist, erf\u00e4hrt nichts\u201d, schrieb schon Goethe und man darf annehmen, dass nicht nur er sich in dieser vielf\u00e4ltigen Wohnung wohl gef\u00fchlt h\u00e4tte. Ein kommunikativer K\u00fcchenblock zentriert den Raum, in Sichtbeziehung zum grossen Esstisch mit...","protected":false},"author":4,"featured_media":0,"parent":0,"menu_order":0,"comment_status":"closed","ping_status":"closed","template":"","meta":[],"yoast_head":"<!-- This site is optimized with the Yoast SEO plugin v19.9 - https:\/\/yoast.com\/wordpress\/plugins\/seo\/ -->\n<title>Neugierde - Parkchalet Potsdam<\/title>\n<meta name=\"robots\" content=\"index, follow, max-snippet:-1, max-image-preview:large, max-video-preview:-1\" \/>\n<link rel=\"canonical\" href=\"https:\/\/www.parkchalet-potsdam.de\/en\/neugierde\/\" \/>\n<meta property=\"og:locale\" content=\"en_GB\" \/>\n<meta property=\"og:type\" content=\"article\" \/>\n<meta property=\"og:title\" content=\"Neugierde - Parkchalet Potsdam\" \/>\n<meta property=\"og:url\" content=\"https:\/\/www.parkchalet-potsdam.de\/en\/neugierde\/\" \/>\n<meta property=\"og:site_name\" content=\"Parkchalet Potsdam\" \/>\n<meta property=\"article:modified_time\" content=\"2025-12-10T11:15:10+00:00\" \/>\n<meta name=\"twitter:label1\" content=\"Estimated reading time\" \/>\n\t<meta name=\"twitter:data1\" content=\"3 minutes\" \/>\n<script type=\"application\/ld+json\" class=\"yoast-schema-graph\">{\"@context\":\"https:\/\/schema.org\",\"@graph\":[{\"@type\":\"WebPage\",\"@id\":\"https:\/\/www.parkchalet-potsdam.de\/neugierde\/\",\"url\":\"https:\/\/www.parkchalet-potsdam.de\/neugierde\/\",\"name\":\"Neugierde - Parkchalet Potsdam\",\"isPartOf\":{\"@id\":\"https:\/\/www.parkchalet-potsdam.de\/#website\"},\"datePublished\":\"2020-07-31T15:25:49+00:00\",\"dateModified\":\"2025-12-10T11:15:10+00:00\",\"breadcrumb\":{\"@id\":\"https:\/\/www.parkchalet-potsdam.de\/neugierde\/#breadcrumb\"},\"inLanguage\":\"en-GB\",\"potentialAction\":[{\"@type\":\"ReadAction\",\"target\":[\"https:\/\/www.parkchalet-potsdam.de\/neugierde\/\"]}]},{\"@type\":\"BreadcrumbList\",\"@id\":\"https:\/\/www.parkchalet-potsdam.de\/neugierde\/#breadcrumb\",\"itemListElement\":[{\"@type\":\"ListItem\",\"position\":1,\"name\":\"Home\",\"item\":\"https:\/\/www.parkchalet-potsdam.de\/\"},{\"@type\":\"ListItem\",\"position\":2,\"name\":\"Neugierde\"}]},{\"@type\":\"WebSite\",\"@id\":\"https:\/\/www.parkchalet-potsdam.de\/#website\",\"url\":\"https:\/\/www.parkchalet-potsdam.de\/\",\"name\":\"Parkchalet Potsdam\",\"description\":\"Ferienwohnungen in Potsdam\",\"potentialAction\":[{\"@type\":\"SearchAction\",\"target\":{\"@type\":\"EntryPoint\",\"urlTemplate\":\"https:\/\/www.parkchalet-potsdam.de\/?s={search_term_string}\"},\"query-input\":\"required name=search_term_string\"}],\"inLanguage\":\"en-GB\"}]}<\/script>\n<!-- \/ Yoast SEO plugin. -->","yoast_head_json":{"title":"Neugierde - Parkchalet Potsdam","robots":{"index":"index","follow":"follow","max-snippet":"max-snippet:-1","max-image-preview":"max-image-preview:large","max-video-preview":"max-video-preview:-1"},"canonical":"https:\/\/www.parkchalet-potsdam.de\/en\/neugierde\/","og_locale":"en_GB","og_type":"article","og_title":"Neugierde - Parkchalet Potsdam","og_url":"https:\/\/www.parkchalet-potsdam.de\/en\/neugierde\/","og_site_name":"Parkchalet Potsdam","article_modified_time":"2025-12-10T11:15:10+00:00","twitter_misc":{"Estimated reading time":"3 minutes"},"schema":{"@context":"https:\/\/schema.org","@graph":[{"@type":"WebPage","@id":"https:\/\/www.parkchalet-potsdam.de\/neugierde\/","url":"https:\/\/www.parkchalet-potsdam.de\/neugierde\/","name":"Neugierde - Parkchalet Potsdam","isPartOf":{"@id":"https:\/\/www.parkchalet-potsdam.de\/#website"},"datePublished":"2020-07-31T15:25:49+00:00","dateModified":"2025-12-10T11:15:10+00:00","breadcrumb":{"@id":"https:\/\/www.parkchalet-potsdam.de\/neugierde\/#breadcrumb"},"inLanguage":"en-GB","potentialAction":[{"@type":"ReadAction","target":["https:\/\/www.parkchalet-potsdam.de\/neugierde\/"]}]},{"@type":"BreadcrumbList","@id":"https:\/\/www.parkchalet-potsdam.de\/neugierde\/#breadcrumb","itemListElement":[{"@type":"ListItem","position":1,"name":"Home","item":"https:\/\/www.parkchalet-potsdam.de\/"},{"@type":"ListItem","position":2,"name":"Neugierde"}]},{"@type":"WebSite","@id":"https:\/\/www.parkchalet-potsdam.de\/#website","url":"https:\/\/www.parkchalet-potsdam.de\/","name":"Parkchalet Potsdam","description":"Ferienwohnungen in Potsdam","potentialAction":[{"@type":"SearchAction","target":{"@type":"EntryPoint","urlTemplate":"https:\/\/www.parkchalet-potsdam.de\/?s={search_term_string}"},"query-input":"required name=search_term_string"}],"inLanguage":"en-GB"}]}},"_links":{"self":[{"href":"https:\/\/www.parkchalet-potsdam.de\/en\/wp-json\/wp\/v2\/pages\/15496"}],"collection":[{"href":"https:\/\/www.parkchalet-potsdam.de\/en\/wp-json\/wp\/v2\/pages"}],"about":[{"href":"https:\/\/www.parkchalet-potsdam.de\/en\/wp-json\/wp\/v2\/types\/page"}],"author":[{"embeddable":true,"href":"https:\/\/www.parkchalet-potsdam.de\/en\/wp-json\/wp\/v2\/users\/4"}],"replies":[{"embeddable":true,"href":"https:\/\/www.parkchalet-potsdam.de\/en\/wp-json\/wp\/v2\/comments?post=15496"}],"version-history":[{"count":13,"href":"https:\/\/www.parkchalet-potsdam.de\/en\/wp-json\/wp\/v2\/pages\/15496\/revisions"}],"predecessor-version":[{"id":15924,"href":"https:\/\/www.parkchalet-potsdam.de\/en\/wp-json\/wp\/v2\/pages\/15496\/revisions\/15924"}],"wp:attachment":[{"href":"https:\/\/www.parkchalet-potsdam.de\/en\/wp-json\/wp\/v2\/media?parent=15496"}],"curies":[{"name":"wp","href":"https:\/\/api.w.org\/{rel}","templated":true}]}}