{"id":15476,"date":"2020-07-31T16:42:37","date_gmt":"2020-07-31T14:42:37","guid":{"rendered":"http:\/\/www.parkchalet-potsdam.de\/?page_id=15476"},"modified":"2025-12-13T19:44:07","modified_gmt":"2025-12-13T17:44:07","slug":"atelier","status":"publish","type":"page","link":"https:\/\/www.parkchalet-potsdam.de\/en\/atelier\/","title":{"rendered":"Atelier"},"content":{"rendered":"<div      class=\"vc_row wpb_row section vc_row-fluid  grid_section\" style='background-color:#f4f4f5; padding-top:109px; padding-bottom:50px; text-align:left;'><div class=\"section_inner clearfix\"><div class='section_inner_margin clearfix'><div class=\"wpb_column vc_column_container vc_col-sm-12\"><div class=\"vc_column-inner\"><div class=\"wpb_wrapper\"><div class=\"separator  transparent\" style=\"margin-top: 26px;margin-bottom: 0px;\"><\/div>\n<div class=\"separator  small center\" style=\"margin-top: 25px;margin-bottom: 25px;\"><\/div>\n\n\t<div class=\"wpb_text_column wpb_content_element\">\n\t\t<div class=\"wpb_wrapper\">\n\t\t\t<h3><\/h3>\n<h3 style=\"text-align: center;\"><\/h3>\n<h4 style=\"text-align: center;\">Atelier - Light and Space<\/h4>\n\n\t\t<\/div> \n\t<\/div> <div class=\"separator  transparent\" style=\"margin-top: 26px;margin-bottom: 0px;\"><\/div>\n<div class=\"separator  transparent\" style=\"margin-top: 25px;margin-bottom: 25px;\"><\/div>\n<\/div><\/div><\/div><\/div><\/div><\/div><div      class=\"vc_row wpb_row section vc_row-fluid  grid_section\" style=' text-align:left;'><div class=\"section_inner clearfix\"><div class='section_inner_margin clearfix'><div class=\"wpb_column vc_column_container vc_col-sm-12\"><div class=\"vc_column-inner\"><div class=\"wpb_wrapper\"><div class=\"separator  transparent\" style=\"margin-top: 26px;margin-bottom: 0px;\"><\/div>\n<div class=\"separator  transparent\" style=\"margin-top: 25px;margin-bottom: 25px;\"><\/div>\n<div class=\"wpb_gallery wpb_content_element vc_clearfix\"><div class=\"wpb_wrapper\"><div class=\"wpb_gallery_slides wpb_flexslider flexslider_fade flexslider\" data-interval=\"3\" data-flex_fx=\"fade\"><ul class=\"slides\"><li><a itemprop=\"image\" class=\"qode-prettyphoto\" href=\"https:\/\/www.parkchalet-potsdam.de\/wp-content\/uploads\/2020\/07\/atelier-openKom-1024x768.jpg\" data-rel=\"prettyPhoto[rel-15476-4220033447]\"><img class=\"\" src=\"https:\/\/www.parkchalet-potsdam.de\/wp-content\/uploads\/2020\/07\/atelier-openKom-e1605001707435-1400x1000.jpg\" width=\"1400\" height=\"1000\" alt=\"Atelier\" title=\"Atelier\" \/><\/a><\/li><li><a itemprop=\"image\" class=\"qode-prettyphoto\" href=\"https:\/\/www.parkchalet-potsdam.de\/wp-content\/uploads\/2020\/07\/7Q1A7357-1024x682.jpeg\" data-rel=\"prettyPhoto[rel-15476-4220033447]\"><img class=\"\" src=\"https:\/\/www.parkchalet-potsdam.de\/wp-content\/uploads\/2020\/07\/7Q1A7357.jpeg\" width=\"1280\" height=\"853\" alt=\"Atelier\" title=\"Atelier\" \/><\/a><\/li><li><a itemprop=\"image\" class=\"qode-prettyphoto\" href=\"https:\/\/www.parkchalet-potsdam.de\/wp-content\/uploads\/2020\/05\/Atelier-Hinz2-1024x683.jpg\" data-rel=\"prettyPhoto[rel-15476-4220033447]\"><img class=\"\" src=\"https:\/\/www.parkchalet-potsdam.de\/wp-content\/uploads\/2020\/05\/Atelier-Hinz2-e1605001840755.jpg\" width=\"1400\" height=\"933\" alt=\"Atelier\" title=\"Atelier\" \/><\/a><\/li><li><a itemprop=\"image\" class=\"qode-prettyphoto\" href=\"https:\/\/www.parkchalet-potsdam.de\/wp-content\/uploads\/2020\/05\/Atelier-Hinz-1-1024x683.jpg\" data-rel=\"prettyPhoto[rel-15476-4220033447]\"><img class=\"\" src=\"https:\/\/www.parkchalet-potsdam.de\/wp-content\/uploads\/2020\/05\/Atelier-Hinz-1-e1605001866864.jpg\" width=\"1400\" height=\"933\" alt=\"Atelier Arbeitsplatz\" title=\"Atelier, workspace\" \/><\/a><\/li><li><a itemprop=\"image\" class=\"qode-prettyphoto\" href=\"https:\/\/www.parkchalet-potsdam.de\/wp-content\/uploads\/2018\/05\/P1011922-1024x683.jpg\" data-rel=\"prettyPhoto[rel-15476-4220033447]\"><img class=\"\" src=\"https:\/\/www.parkchalet-potsdam.de\/wp-content\/uploads\/2018\/05\/P1011922-2000x1000.jpg\" width=\"2000\" height=\"1000\" alt=\"Atelier, Au\u00dfensitzplatz\" title=\"Atelier, terrace\" \/><\/a><\/li><li><a itemprop=\"image\" class=\"qode-prettyphoto\" href=\"https:\/\/www.parkchalet-potsdam.de\/wp-content\/uploads\/2018\/05\/P1011914-1024x683.jpg\" data-rel=\"prettyPhoto[rel-15476-4220033447]\"><img class=\"\" src=\"https:\/\/www.parkchalet-potsdam.de\/wp-content\/uploads\/2018\/05\/P1011914-2000x1000.jpg\" width=\"2000\" height=\"1000\" alt=\"Atelier, Au\u00dfensitzplatz\" title=\"Atelier, terrace\" \/><\/a><\/li><li><a itemprop=\"image\" class=\"qode-prettyphoto\" href=\"https:\/\/www.parkchalet-potsdam.de\/wp-content\/uploads\/2016\/01\/Atelier-RKHN7571_web-1024x680.jpg\" data-rel=\"prettyPhoto[rel-15476-4220033447]\"><img class=\"\" src=\"https:\/\/www.parkchalet-potsdam.de\/wp-content\/uploads\/2016\/01\/Atelier-RKHN7571_web.jpg\" width=\"1400\" height=\"930\" alt=\"Atelier, Bad\" title=\"Atelier RKHN7571_web\" \/><\/a><\/li><li><a itemprop=\"image\" class=\"qode-prettyphoto\" href=\"https:\/\/www.parkchalet-potsdam.de\/wp-content\/uploads\/2016\/01\/Atelier-RKHN7560_web-1024x680.jpg\" data-rel=\"prettyPhoto[rel-15476-4220033447]\"><img class=\"\" src=\"https:\/\/www.parkchalet-potsdam.de\/wp-content\/uploads\/2016\/01\/Atelier-RKHN7560_web.jpg\" width=\"1400\" height=\"930\" alt=\"Atelier\" title=\"Atelier RKHN7560_web\" \/><\/a><\/li><li><a itemprop=\"image\" class=\"qode-prettyphoto\" href=\"https:\/\/www.parkchalet-potsdam.de\/wp-content\/uploads\/2021\/01\/Grundriss-Atelier_neu-Kopie.jpg\" data-rel=\"prettyPhoto[rel-15476-4220033447]\"><img class=\"\" src=\"https:\/\/www.parkchalet-potsdam.de\/wp-content\/uploads\/2021\/01\/Grundriss-Atelier_neu-Kopie.jpg\" width=\"614\" height=\"480\" alt=\"Atelier, Grundriss\" title=\"Grundriss-Atelier_neu Kopie\" \/><\/a><\/li><\/ul><\/div><\/div><\/div>\n\t<div class=\"wpb_text_column wpb_content_element\">\n\t\t<div class=\"wpb_wrapper\">\n\t\t\t<h4>Description:<\/h4>\n<h4>look from the cozy double bed through the ridge skylight to the sky, clouds and stars. In this cozy one-bedroom apartment with 4 m room height and visible roof construction, you will not only get a good night's rest or relaxed reading, but also concentrated work. A large table offers space for writing and thinking or for a meal for two. The small kitchenette with refrigerator and ceramic hob is equipped with everything necessary. Whether shower with a view into park trees or the view from the panoramic window to the village side - you live with nature.<\/h4>\n<h4 class=\"text-unten\">The beautiful scenic location and characteristics of our spot are reflected in the seasonally changing views. You always have a side view of the architecture of the ch\u00e2teau and of the Louis Nathan avenue with its large beech and oak trees. In the leafless season, you look across gardens to Waldm\u00fcllerstrasse with its Wilhelminian villas laid out by the Elector. Lights twinkle across on dark winter evenings. All around it becomes green in summer, on the associated outdoor seating area on the south side you can not only enjoy warm evenings.<\/h4>\n\n\t\t<\/div> \n\t<\/div> <div class=\"separator  transparent\" style=\"\"><\/div>\n<div class=\"separator  transparent\" style=\"\"><\/div>\n\n\t<div class=\"wpb_text_column wpb_content_element\">\n\t\t<div class=\"wpb_wrapper\">\n\t\t\t<h4><\/h4>\n<h4><\/h4>\n<h4>Prices:<br \/>\nbei einer Belegung von 2 Personen \u20ac 120,- pro Nacht<br \/>\nincluding bed linen, towels, final cleaning, VAT &amp; accommodation tax.<\/h4>\n<h4>WiFi and flat screen TV are available<\/h4>\n<h4><\/h4>\n\n\t\t<\/div> \n\t<\/div> <div class=\"separator  transparent\" style=\"\"><\/div>\n<div class=\"separator  transparent\" style=\"\"><\/div>\n<div class=\"separator  transparent\" style=\"\"><\/div>\n<div class=\"separator  transparent\" style=\"\"><\/div>\n<\/div><\/div><\/div><\/div><\/div><\/div><div      class=\"vc_row wpb_row section vc_row-fluid  grid_section\" style=' text-align:left;'><div class=\"section_inner clearfix\"><div class='section_inner_margin clearfix'><div class=\"wpb_column vc_column_container vc_col-sm-12\"><div class=\"vc_column-inner\"><div class=\"wpb_wrapper\"><div class=\"separator  transparent\" style=\"margin-top: 26px;margin-bottom: 0px;\"><\/div>\n<div class=\"separator  transparent\" style=\"margin-top: 25px;margin-bottom: 25px;\"><\/div>\n<div class=\"wpb_gallery wpb_content_element vc_clearfix\"><div class=\"wpb_wrapper\"><div class=\"wpb_gallery_slides wpb_flexslider flexslider_fade flexslider\" data-interval=\"3\" data-flex_fx=\"fade\"><ul class=\"slides\"><li><a itemprop=\"image\" class=\"qode-prettyphoto\" href=\"https:\/\/www.parkchalet-potsdam.de\/wp-content\/uploads\/2020\/07\/atelier-openKom-1024x768.jpg\" data-rel=\"prettyPhoto[rel-15476-3009678279]\"><img class=\"\" src=\"https:\/\/www.parkchalet-potsdam.de\/wp-content\/uploads\/2020\/07\/atelier-openKom-e1605001707435-1400x1000.jpg\" width=\"1400\" height=\"1000\" alt=\"Atelier\" title=\"Atelier\" \/><\/a><\/li><li><a itemprop=\"image\" class=\"qode-prettyphoto\" href=\"https:\/\/www.parkchalet-potsdam.de\/wp-content\/uploads\/2020\/07\/7Q1A7357-1024x682.jpeg\" data-rel=\"prettyPhoto[rel-15476-3009678279]\"><img class=\"\" src=\"https:\/\/www.parkchalet-potsdam.de\/wp-content\/uploads\/2020\/07\/7Q1A7357.jpeg\" width=\"1280\" height=\"853\" alt=\"Atelier\" title=\"Atelier\" \/><\/a><\/li><li><a itemprop=\"image\" class=\"qode-prettyphoto\" href=\"https:\/\/www.parkchalet-potsdam.de\/wp-content\/uploads\/2020\/05\/Atelier-Hinz2-1024x683.jpg\" data-rel=\"prettyPhoto[rel-15476-3009678279]\"><img class=\"\" src=\"https:\/\/www.parkchalet-potsdam.de\/wp-content\/uploads\/2020\/05\/Atelier-Hinz2-e1605001840755.jpg\" width=\"1400\" height=\"933\" alt=\"Atelier\" title=\"Atelier\" \/><\/a><\/li><li><a itemprop=\"image\" class=\"qode-prettyphoto\" href=\"https:\/\/www.parkchalet-potsdam.de\/wp-content\/uploads\/2020\/05\/Atelier-Hinz-1-1024x683.jpg\" data-rel=\"prettyPhoto[rel-15476-3009678279]\"><img class=\"\" src=\"https:\/\/www.parkchalet-potsdam.de\/wp-content\/uploads\/2020\/05\/Atelier-Hinz-1-e1605001866864.jpg\" width=\"1400\" height=\"933\" alt=\"Atelier Arbeitsplatz\" title=\"Atelier, workspace\" \/><\/a><\/li><li><a itemprop=\"image\" class=\"qode-prettyphoto\" href=\"https:\/\/www.parkchalet-potsdam.de\/wp-content\/uploads\/2018\/05\/P1011922-1024x683.jpg\" data-rel=\"prettyPhoto[rel-15476-3009678279]\"><img class=\"\" src=\"https:\/\/www.parkchalet-potsdam.de\/wp-content\/uploads\/2018\/05\/P1011922-2000x1000.jpg\" width=\"2000\" height=\"1000\" alt=\"Atelier, Au\u00dfensitzplatz\" title=\"Atelier, terrace\" \/><\/a><\/li><li><a itemprop=\"image\" class=\"qode-prettyphoto\" href=\"https:\/\/www.parkchalet-potsdam.de\/wp-content\/uploads\/2018\/05\/P1011914-1024x683.jpg\" data-rel=\"prettyPhoto[rel-15476-3009678279]\"><img class=\"\" src=\"https:\/\/www.parkchalet-potsdam.de\/wp-content\/uploads\/2018\/05\/P1011914-2000x1000.jpg\" width=\"2000\" height=\"1000\" alt=\"Atelier, Au\u00dfensitzplatz\" title=\"Atelier, terrace\" \/><\/a><\/li><li><a itemprop=\"image\" class=\"qode-prettyphoto\" href=\"https:\/\/www.parkchalet-potsdam.de\/wp-content\/uploads\/2016\/01\/Atelier-RKHN7571_web-1024x680.jpg\" data-rel=\"prettyPhoto[rel-15476-3009678279]\"><img class=\"\" src=\"https:\/\/www.parkchalet-potsdam.de\/wp-content\/uploads\/2016\/01\/Atelier-RKHN7571_web.jpg\" width=\"1400\" height=\"930\" alt=\"Atelier, Bad\" title=\"Atelier RKHN7571_web\" \/><\/a><\/li><li><a itemprop=\"image\" class=\"qode-prettyphoto\" href=\"https:\/\/www.parkchalet-potsdam.de\/wp-content\/uploads\/2016\/01\/Atelier-RKHN7560_web-1024x680.jpg\" data-rel=\"prettyPhoto[rel-15476-3009678279]\"><img class=\"\" src=\"https:\/\/www.parkchalet-potsdam.de\/wp-content\/uploads\/2016\/01\/Atelier-RKHN7560_web.jpg\" width=\"1400\" height=\"930\" alt=\"Atelier\" title=\"Atelier RKHN7560_web\" \/><\/a><\/li><li><a itemprop=\"image\" class=\"qode-prettyphoto\" href=\"https:\/\/www.parkchalet-potsdam.de\/wp-content\/uploads\/2021\/01\/Grundriss-Atelier_neu-Kopie.jpg\" data-rel=\"prettyPhoto[rel-15476-3009678279]\"><img class=\"\" src=\"https:\/\/www.parkchalet-potsdam.de\/wp-content\/uploads\/2021\/01\/Grundriss-Atelier_neu-Kopie.jpg\" width=\"614\" height=\"480\" alt=\"Atelier, Grundriss\" title=\"Grundriss-Atelier_neu Kopie\" \/><\/a><\/li><\/ul><\/div><\/div><\/div>\n\t<div class=\"wpb_text_column wpb_content_element\">\n\t\t<div class=\"wpb_wrapper\">\n\t\t\t<h4>Description:<\/h4>\n<h4>look from the cozy double bed through the ridge skylight to the sky, clouds and stars. In this cozy one-bedroom apartment with 4 m room height and visible roof construction, you will not only get a good night's rest or relaxed reading, but also concentrated work. A large table offers space for writing and thinking or for a meal for two. The small kitchenette with refrigerator and ceramic hob is equipped with everything necessary. Whether shower with a view into park trees or the view from the panoramic window to the village side - you live with nature.<\/h4>\n<h4 class=\"text-unten\">The beautiful scenic location and characteristics of our spot are reflected in the seasonally changing views. You always have a side view of the architecture of the ch\u00e2teau and of the Louis Nathan avenue with its large beech and oak trees. In the leafless season, you look across gardens to Waldm\u00fcllerstrasse with its Wilhelminian villas laid out by the Elector. Lights twinkle across on dark winter evenings. All around it becomes green in summer, on the associated outdoor seating area on the south side you can not only enjoy warm evenings.<\/h4>\n\n\t\t<\/div> \n\t<\/div> <div class=\"separator  transparent\" style=\"\"><\/div>\n<div class=\"separator  transparent\" style=\"\"><\/div>\n\n\t<div class=\"wpb_text_column wpb_content_element\">\n\t\t<div class=\"wpb_wrapper\">\n\t\t\t<h4><\/h4>\n<h4><\/h4>\n<h4>Prices:<br \/>\nbei einer Belegung von 2 Personen \u20ac 115,- pro Nacht<br \/>\nincluding bed linen, towels, final cleaning, VAT &amp; accommodation tax.<\/h4>\n<h4>WiFi and flat screen TV are available<\/h4>\n<h4>Zustellbett Erwachsener \u20ac 21,- pro Nacht<br \/>\nZustellbett Kind \u20ac 12,- pro Nacht<\/h4>\n\n\t\t<\/div> \n\t<\/div> <div class=\"separator  transparent\" style=\"\"><\/div>\n<div class=\"separator  transparent\" style=\"\"><\/div>\n<div class=\"separator  transparent\" style=\"\"><\/div>\n<div class=\"separator  transparent\" style=\"\"><\/div>\n<\/div><\/div><\/div><\/div><\/div><\/div><div      class=\"vc_row wpb_row section vc_row-fluid\" style=' text-align:left;'><div class=\"full_section_inner clearfix\"><div class=\"wpb_column vc_column_container vc_col-sm-12 vc_hidden-sm vc_hidden-xs\"><div class=\"vc_column-inner\"><div class=\"wpb_wrapper\">\n\t<div class=\"wpb_text_column wpb_content_element\">\n\t\t<div class=\"wpb_wrapper\">\n\t\t\t<h4><a href=\"https:\/\/www.parkchalet-potsdam.de\/en\/belegungskalender-komplettueberblick\/\"><strong>\u00dcberblickskalender f\u00fcr alle Apartments \u2192<\/strong><\/a><\/h4>\n\n\t\t<\/div> \n\t<\/div> <\/div><\/div><\/div><\/div><\/div><div      class=\"vc_row wpb_row section vc_row-fluid\" style=' text-align:left;'><div class=\"full_section_inner clearfix\"><div class=\"wpb_column vc_column_container vc_col-sm-12 vc_hidden-lg vc_hidden-md\"><div class=\"vc_column-inner\"><div class=\"wpb_wrapper\">\n\t<div class=\"wpb_text_column wpb_content_element\">\n\t\t<div class=\"wpb_wrapper\">\n\t\t\t<h4><a href=\"https:\/\/www.fungiwo.com\/extern\/belegungskalender-komplett.php?id=ev632187&amp;sprache=deutsch\"><strong>\u00dcberblickskalender f\u00fcr alle Apartments \u2192<\/strong><\/a><\/h4>\n\n\t\t<\/div> \n\t<\/div> <\/div><\/div><\/div><\/div><\/div><div      class=\"vc_row wpb_row section vc_row-fluid  grid_section\" style='background-color:#f4f4f5; padding-top:109px; padding-bottom:50px; text-align:left;'><div class=\"section_inner clearfix\"><div class='section_inner_margin clearfix'><div class=\"wpb_column vc_column_container vc_col-sm-12\"><div class=\"vc_column-inner\"><div class=\"wpb_wrapper\">\n\t<div class=\"wpb_text_column wpb_content_element\">\n\t\t<div class=\"wpb_wrapper\">\n\t\t\t<p><iframe loading=\"lazy\" src=\"\/\/www.fungiwo.com\/extern\/belegungskalender-einzel.php?id=10274322&amp;sprache=deutsch\" name=\"fungiwo.de-Belegungskalender\" width=\"100%\" height=\"1000\" frameborder=\"0\" scrolling=\"no\"><\/iframe><br \/>\n<code> <!-- Anfang: Belegungskalender fungiwo.de --><!-- Ende: Belegungskalender von fungiwo.de --><\/code><\/p>\n\n\t\t<\/div> \n\t<\/div> <\/div><\/div><\/div><\/div><\/div><\/div><div      class=\"vc_row wpb_row section vc_row-fluid\" style=' text-align:left;'><div class=\"full_section_inner clearfix\"><div class=\"wpb_column vc_column_container vc_col-sm-12 vc_hidden-sm vc_hidden-xs\"><div class=\"vc_column-inner\"><div class=\"wpb_wrapper\"><div class=\"container_inner\"><div class=\"call_to_action normal\" style=\"\"><div class=\"two_columns_75_25 clearfix\"><div class=\"text_wrapper column1\"><div class=\"call_to_action_text\" style=\"\">Atelier - Light and Space<\/div><\/div><div class=\"button_wrapper column2\"><a itemprop=\"url\" href=\"https:\/\/www.parkchalet-potsdam.de\/en\/anfragen-buchen\/\" class=\"qbutton white medium\" target=\"\" style=\"color: #ffffff;border-color: #ffffff;\" data-hover-color=\"#ffffff\">Request\/Booking<\/a><\/div><\/div><\/div><\/div><\/div><\/div><\/div><\/div><\/div><div      class=\"vc_row wpb_row section vc_row-fluid  grid_section\" style='background-color:#f4f4f5; padding-top:109px; padding-bottom:50px; text-align:left;'><div class=\"section_inner clearfix\"><div class='section_inner_margin clearfix'><div class=\"wpb_column vc_column_container vc_col-sm-12 vc_hidden-lg vc_hidden-md\"><div class=\"vc_column-inner\"><div class=\"wpb_wrapper\"><a  itemprop=\"url\" href=\"https:\/\/www.parkchalet-potsdam.de\/en\/anfragen-buchen\/\" target=\"_self\" data-hover-background-color='#808ba0' data-hover-border-color='#808ba0' data-hover-color='#808ba0' class=\"qbutton  small default\" style=\"color: #ffffff; border-color: #ffffff; background-color: #808ba0;\">Request\/Booking<\/a><\/div><\/div><\/div><\/div><\/div><\/div>","protected":false},"excerpt":{"rendered":"Atelier \u2013 Licht und Raum Beschreibung: vom wohnlichen Doppelbett durch das Firstoberlicht auf Himmel, Wolken und Sterne schauen. In diesem gem\u00fctlichen Einzimmerapartment mit 4 m Raumh\u00f6he und sichtbarer Dachkonstruktion kommt man nicht nur zu Nachtruhe oder entspannter Lekt\u00fcre, sondern auch zu konzentriertem Arbeiten. Ein gro\u00dfer...","protected":false},"author":4,"featured_media":0,"parent":0,"menu_order":0,"comment_status":"closed","ping_status":"closed","template":"","meta":[],"yoast_head":"<!-- This site is optimized with the Yoast SEO plugin v19.9 - https:\/\/yoast.com\/wordpress\/plugins\/seo\/ -->\n<title>Atelier - Parkchalet Potsdam<\/title>\n<meta name=\"description\" content=\"Atelier \u2013 Licht und Raum - modernes Einzimmerapartment f\u00fcr 2 Personen mit K\u00fcchenzeile und Dusche mit Blick in die Natur im parkchalet potsdam\" \/>\n<meta name=\"robots\" content=\"index, follow, max-snippet:-1, max-image-preview:large, max-video-preview:-1\" \/>\n<link rel=\"canonical\" href=\"https:\/\/www.parkchalet-potsdam.de\/en\/atelier\/\" \/>\n<meta property=\"og:locale\" content=\"en_GB\" \/>\n<meta property=\"og:type\" content=\"article\" \/>\n<meta property=\"og:title\" content=\"Atelier - Parkchalet Potsdam\" \/>\n<meta property=\"og:description\" content=\"Atelier \u2013 Licht und Raum - modernes Einzimmerapartment f\u00fcr 2 Personen mit K\u00fcchenzeile und Dusche mit Blick in die Natur im parkchalet potsdam\" \/>\n<meta property=\"og:url\" content=\"https:\/\/www.parkchalet-potsdam.de\/en\/atelier\/\" \/>\n<meta property=\"og:site_name\" content=\"Parkchalet Potsdam\" \/>\n<meta property=\"article:modified_time\" content=\"2025-12-13T17:44:07+00:00\" \/>\n<meta name=\"twitter:label1\" content=\"Estimated reading time\" \/>\n\t<meta name=\"twitter:data1\" content=\"4 minutes\" \/>\n<script type=\"application\/ld+json\" class=\"yoast-schema-graph\">{\"@context\":\"https:\/\/schema.org\",\"@graph\":[{\"@type\":\"WebPage\",\"@id\":\"https:\/\/www.parkchalet-potsdam.de\/atelier\/\",\"url\":\"https:\/\/www.parkchalet-potsdam.de\/atelier\/\",\"name\":\"Atelier - Parkchalet Potsdam\",\"isPartOf\":{\"@id\":\"https:\/\/www.parkchalet-potsdam.de\/#website\"},\"datePublished\":\"2020-07-31T14:42:37+00:00\",\"dateModified\":\"2025-12-13T17:44:07+00:00\",\"description\":\"Atelier \u2013 Licht und Raum - modernes Einzimmerapartment f\u00fcr 2 Personen mit K\u00fcchenzeile und Dusche mit Blick in die Natur im parkchalet potsdam\",\"breadcrumb\":{\"@id\":\"https:\/\/www.parkchalet-potsdam.de\/atelier\/#breadcrumb\"},\"inLanguage\":\"en-GB\",\"potentialAction\":[{\"@type\":\"ReadAction\",\"target\":[\"https:\/\/www.parkchalet-potsdam.de\/atelier\/\"]}]},{\"@type\":\"BreadcrumbList\",\"@id\":\"https:\/\/www.parkchalet-potsdam.de\/atelier\/#breadcrumb\",\"itemListElement\":[{\"@type\":\"ListItem\",\"position\":1,\"name\":\"Home\",\"item\":\"https:\/\/www.parkchalet-potsdam.de\/\"},{\"@type\":\"ListItem\",\"position\":2,\"name\":\"Atelier\"}]},{\"@type\":\"WebSite\",\"@id\":\"https:\/\/www.parkchalet-potsdam.de\/#website\",\"url\":\"https:\/\/www.parkchalet-potsdam.de\/\",\"name\":\"Parkchalet Potsdam\",\"description\":\"Ferienwohnungen in Potsdam\",\"potentialAction\":[{\"@type\":\"SearchAction\",\"target\":{\"@type\":\"EntryPoint\",\"urlTemplate\":\"https:\/\/www.parkchalet-potsdam.de\/?s={search_term_string}\"},\"query-input\":\"required name=search_term_string\"}],\"inLanguage\":\"en-GB\"}]}<\/script>\n<!-- \/ Yoast SEO plugin. -->","yoast_head_json":{"title":"Atelier - Parkchalet Potsdam","description":"Atelier \u2013 Licht und Raum - modernes Einzimmerapartment f\u00fcr 2 Personen mit K\u00fcchenzeile und Dusche mit Blick in die Natur im parkchalet potsdam","robots":{"index":"index","follow":"follow","max-snippet":"max-snippet:-1","max-image-preview":"max-image-preview:large","max-video-preview":"max-video-preview:-1"},"canonical":"https:\/\/www.parkchalet-potsdam.de\/en\/atelier\/","og_locale":"en_GB","og_type":"article","og_title":"Atelier - Parkchalet Potsdam","og_description":"Atelier \u2013 Licht und Raum - modernes Einzimmerapartment f\u00fcr 2 Personen mit K\u00fcchenzeile und Dusche mit Blick in die Natur im parkchalet potsdam","og_url":"https:\/\/www.parkchalet-potsdam.de\/en\/atelier\/","og_site_name":"Parkchalet Potsdam","article_modified_time":"2025-12-13T17:44:07+00:00","twitter_misc":{"Estimated reading time":"4 minutes"},"schema":{"@context":"https:\/\/schema.org","@graph":[{"@type":"WebPage","@id":"https:\/\/www.parkchalet-potsdam.de\/atelier\/","url":"https:\/\/www.parkchalet-potsdam.de\/atelier\/","name":"Atelier - Parkchalet Potsdam","isPartOf":{"@id":"https:\/\/www.parkchalet-potsdam.de\/#website"},"datePublished":"2020-07-31T14:42:37+00:00","dateModified":"2025-12-13T17:44:07+00:00","description":"Atelier \u2013 Licht und Raum - modernes Einzimmerapartment f\u00fcr 2 Personen mit K\u00fcchenzeile und Dusche mit Blick in die Natur im parkchalet potsdam","breadcrumb":{"@id":"https:\/\/www.parkchalet-potsdam.de\/atelier\/#breadcrumb"},"inLanguage":"en-GB","potentialAction":[{"@type":"ReadAction","target":["https:\/\/www.parkchalet-potsdam.de\/atelier\/"]}]},{"@type":"BreadcrumbList","@id":"https:\/\/www.parkchalet-potsdam.de\/atelier\/#breadcrumb","itemListElement":[{"@type":"ListItem","position":1,"name":"Home","item":"https:\/\/www.parkchalet-potsdam.de\/"},{"@type":"ListItem","position":2,"name":"Atelier"}]},{"@type":"WebSite","@id":"https:\/\/www.parkchalet-potsdam.de\/#website","url":"https:\/\/www.parkchalet-potsdam.de\/","name":"Parkchalet Potsdam","description":"Ferienwohnungen in Potsdam","potentialAction":[{"@type":"SearchAction","target":{"@type":"EntryPoint","urlTemplate":"https:\/\/www.parkchalet-potsdam.de\/?s={search_term_string}"},"query-input":"required name=search_term_string"}],"inLanguage":"en-GB"}]}},"_links":{"self":[{"href":"https:\/\/www.parkchalet-potsdam.de\/en\/wp-json\/wp\/v2\/pages\/15476"}],"collection":[{"href":"https:\/\/www.parkchalet-potsdam.de\/en\/wp-json\/wp\/v2\/pages"}],"about":[{"href":"https:\/\/www.parkchalet-potsdam.de\/en\/wp-json\/wp\/v2\/types\/page"}],"author":[{"embeddable":true,"href":"https:\/\/www.parkchalet-potsdam.de\/en\/wp-json\/wp\/v2\/users\/4"}],"replies":[{"embeddable":true,"href":"https:\/\/www.parkchalet-potsdam.de\/en\/wp-json\/wp\/v2\/comments?post=15476"}],"version-history":[{"count":25,"href":"https:\/\/www.parkchalet-potsdam.de\/en\/wp-json\/wp\/v2\/pages\/15476\/revisions"}],"predecessor-version":[{"id":15971,"href":"https:\/\/www.parkchalet-potsdam.de\/en\/wp-json\/wp\/v2\/pages\/15476\/revisions\/15971"}],"wp:attachment":[{"href":"https:\/\/www.parkchalet-potsdam.de\/en\/wp-json\/wp\/v2\/media?parent=15476"}],"curies":[{"name":"wp","href":"https:\/\/api.w.org\/{rel}","templated":true}]}}